{"id":67107,"date":"2025-08-07T13:38:55","date_gmt":"2025-08-07T13:38:55","guid":{"rendered":"https:\/\/urboowfb.com\/index.php\/produto\/cache-2\/"},"modified":"2026-03-23T17:27:24","modified_gmt":"2026-03-23T17:27:24","slug":"cache-2","status":"publish","type":"product","link":"https:\/\/urboowhome.com\/index.php\/produto\/cache-2\/","title":{"rendered":"Cach?"},"content":{"rendered":"","protected":false},"excerpt":{"rendered":"<p>Com Cach\u00e9, a designer dinamarquesa Charlotte H\u00f8ncke criou um candeeiro de mesa com um design intrigante e atraente. A mesma \u00e9 feita de dois tons perfeitamente redondos, unidos elegantemente por uma base de m\u00e1rmore s\u00f3lido. Cach\u00e9 cria um ambiente interessante e l\u00fadico onde a luz \u00e9 refletida para frente e para tr\u00e1s entre os dois tons.<\/p>\n","protected":false},"featured_media":67106,"comment_status":"open","ping_status":"closed","template":"","meta":[],"product_brand":[],"product_cat":[128],"product_tag":[202],"class_list":{"0":"post-67107","1":"product","2":"type-product","3":"status-publish","4":"has-post-thumbnail","6":"product_cat-secretaria","7":"product_tag-cache","10":"first","11":"instock","12":"shipping-taxable","13":"purchasable","14":"product-type-simple"},"_links":{"self":[{"href":"https:\/\/urboowhome.com\/index.php\/wp-json\/wp\/v2\/product\/67107","targetHints":{"allow":["GET"]}}],"collection":[{"href":"https:\/\/urboowhome.com\/index.php\/wp-json\/wp\/v2\/product"}],"about":[{"href":"https:\/\/urboowhome.com\/index.php\/wp-json\/wp\/v2\/types\/product"}],"replies":[{"embeddable":true,"href":"https:\/\/urboowhome.com\/index.php\/wp-json\/wp\/v2\/comments?post=67107"}],"wp:featuredmedia":[{"embeddable":true,"href":"https:\/\/urboowhome.com\/index.php\/wp-json\/wp\/v2\/media\/67106"}],"wp:attachment":[{"href":"https:\/\/urboowhome.com\/index.php\/wp-json\/wp\/v2\/media?parent=67107"}],"wp:term":[{"taxonomy":"product_brand","embeddable":true,"href":"https:\/\/urboowhome.com\/index.php\/wp-json\/wp\/v2\/product_brand?post=67107"},{"taxonomy":"product_cat","embeddable":true,"href":"https:\/\/urboowhome.com\/index.php\/wp-json\/wp\/v2\/product_cat?post=67107"},{"taxonomy":"product_tag","embeddable":true,"href":"https:\/\/urboowhome.com\/index.php\/wp-json\/wp\/v2\/product_tag?post=67107"}],"curies":[{"name":"wp","href":"https:\/\/api.w.org\/{rel}","templated":true}]}}