{"id":67112,"date":"2025-08-07T13:38:57","date_gmt":"2025-08-07T13:38:57","guid":{"rendered":"https:\/\/urboowfb.com\/index.php\/produto\/clasi\/"},"modified":"2026-03-23T17:27:24","modified_gmt":"2026-03-23T17:27:24","slug":"clasi","status":"publish","type":"product","link":"https:\/\/urboowhome.com\/index.php\/produto\/clasi\/","title":{"rendered":"Clasi"},"content":{"rendered":"","protected":false},"excerpt":{"rendered":"<p>Clasi \u00e9 uma vers\u00e3o moderna de um design de ilumina\u00e7\u00e3o cl\u00e1ssico. O abajur de metal preto \u00e9 um contraste interessante com a base de lat\u00e3o leve. O abajur largo proporciona um amplo campo de luz, e os difusores na parte superior e inferior garantem uma luz agrad\u00e1vel e sem reflexos.<\/p>\n","protected":false},"featured_media":67111,"comment_status":"open","ping_status":"closed","template":"","meta":[],"product_brand":[],"product_cat":[128],"product_tag":[203],"class_list":{"0":"post-67112","1":"product","2":"type-product","3":"status-publish","4":"has-post-thumbnail","6":"product_cat-secretaria","7":"product_tag-clasi","10":"first","11":"instock","12":"featured","13":"shipping-taxable","14":"purchasable","15":"product-type-simple"},"_links":{"self":[{"href":"https:\/\/urboowhome.com\/index.php\/wp-json\/wp\/v2\/product\/67112","targetHints":{"allow":["GET"]}}],"collection":[{"href":"https:\/\/urboowhome.com\/index.php\/wp-json\/wp\/v2\/product"}],"about":[{"href":"https:\/\/urboowhome.com\/index.php\/wp-json\/wp\/v2\/types\/product"}],"replies":[{"embeddable":true,"href":"https:\/\/urboowhome.com\/index.php\/wp-json\/wp\/v2\/comments?post=67112"}],"wp:featuredmedia":[{"embeddable":true,"href":"https:\/\/urboowhome.com\/index.php\/wp-json\/wp\/v2\/media\/67111"}],"wp:attachment":[{"href":"https:\/\/urboowhome.com\/index.php\/wp-json\/wp\/v2\/media?parent=67112"}],"wp:term":[{"taxonomy":"product_brand","embeddable":true,"href":"https:\/\/urboowhome.com\/index.php\/wp-json\/wp\/v2\/product_brand?post=67112"},{"taxonomy":"product_cat","embeddable":true,"href":"https:\/\/urboowhome.com\/index.php\/wp-json\/wp\/v2\/product_cat?post=67112"},{"taxonomy":"product_tag","embeddable":true,"href":"https:\/\/urboowhome.com\/index.php\/wp-json\/wp\/v2\/product_tag?post=67112"}],"curies":[{"name":"wp","href":"https:\/\/api.w.org\/{rel}","templated":true}]}}