{"id":67125,"date":"2025-08-07T13:39:07","date_gmt":"2025-08-07T13:39:07","guid":{"rendered":"https:\/\/urboowfb.com\/index.php\/produto\/dc-o18-5\/"},"modified":"2026-03-23T17:27:24","modified_gmt":"2026-03-23T17:27:24","slug":"dc-o18-5","status":"publish","type":"product","link":"https:\/\/urboowhome.com\/index.php\/produto\/dc-o18-5\/","title":{"rendered":"DC ?18"},"content":{"rendered":"","protected":false},"excerpt":{"rendered":"<p>O DC combina o minimalismo escandinavo com um aspeto industrial.<br \/>\nCom a sua linguagem de design org\u00e2nico e design simples, o candeeiro adapta-se perfeitamente \u00e0 maioria das casas.<br \/>\nA superf\u00edcie luminosa do abajur e as curvas suaves redondas feitas de carvalho, d\u00e3o ao candeeiro uma express\u00e3o moderna.<br \/>\nOs detalhes finos em alum\u00ednio completam o design.<\/p>\n","protected":false},"featured_media":67124,"comment_status":"open","ping_status":"closed","template":"","meta":[],"product_brand":[],"product_cat":[115],"product_tag":[174,169],"class_list":{"0":"post-67125","1":"product","2":"type-product","3":"status-publish","4":"has-post-thumbnail","6":"product_cat-pendentes","7":"product_tag-dc","8":"product_tag-pendente","11":"first","12":"instock","13":"shipping-taxable","14":"purchasable","15":"product-type-simple"},"_links":{"self":[{"href":"https:\/\/urboowhome.com\/index.php\/wp-json\/wp\/v2\/product\/67125","targetHints":{"allow":["GET"]}}],"collection":[{"href":"https:\/\/urboowhome.com\/index.php\/wp-json\/wp\/v2\/product"}],"about":[{"href":"https:\/\/urboowhome.com\/index.php\/wp-json\/wp\/v2\/types\/product"}],"replies":[{"embeddable":true,"href":"https:\/\/urboowhome.com\/index.php\/wp-json\/wp\/v2\/comments?post=67125"}],"wp:featuredmedia":[{"embeddable":true,"href":"https:\/\/urboowhome.com\/index.php\/wp-json\/wp\/v2\/media\/67124"}],"wp:attachment":[{"href":"https:\/\/urboowhome.com\/index.php\/wp-json\/wp\/v2\/media?parent=67125"}],"wp:term":[{"taxonomy":"product_brand","embeddable":true,"href":"https:\/\/urboowhome.com\/index.php\/wp-json\/wp\/v2\/product_brand?post=67125"},{"taxonomy":"product_cat","embeddable":true,"href":"https:\/\/urboowhome.com\/index.php\/wp-json\/wp\/v2\/product_cat?post=67125"},{"taxonomy":"product_tag","embeddable":true,"href":"https:\/\/urboowhome.com\/index.php\/wp-json\/wp\/v2\/product_tag?post=67125"}],"curies":[{"name":"wp","href":"https:\/\/api.w.org\/{rel}","templated":true}]}}