{"id":67141,"date":"2025-08-07T13:39:16","date_gmt":"2025-08-07T13:39:16","guid":{"rendered":"https:\/\/urboowfb.com\/index.php\/produto\/glossy-2\/"},"modified":"2026-03-23T17:27:26","modified_gmt":"2026-03-23T17:27:26","slug":"glossy-2","status":"publish","type":"product","link":"https:\/\/urboowhome.com\/index.php\/produto\/glossy-2\/","title":{"rendered":"Glossy"},"content":{"rendered":"","protected":false},"excerpt":{"rendered":"<p>Glossy \u00e9 o ep\u00edtome do design de bom gosto e sofisticado. A designer dinamarquesa Maria Berntsen criou um candeeiro de mesa que transpira minimalismo n\u00f3rdico, onde a combina\u00e7\u00e3o de materiais exclusivos, m\u00e1rmore, a\u00e7o escovado e vidro branco opalino contribui para um design incrivelmente elegante. Glossy deve o seu nome \u00e0 superf\u00edcie brilhante do vidro branco opalino, que deixa passar uma luz suave e confort\u00e1vel.<\/p>\n<p>O m\u00e1rmore \u00e9 um material natural \u00fanico, pelo que as linhas, cores e padr\u00f5es podem variar de candeeiro para candeeiro. Isto faz parte do encanto de trabalhar com materiais naturais.<\/p>\n","protected":false},"featured_media":67140,"comment_status":"open","ping_status":"closed","template":"","meta":[],"product_brand":[],"product_cat":[128],"product_tag":[132],"class_list":{"0":"post-67141","1":"product","2":"type-product","3":"status-publish","4":"has-post-thumbnail","6":"product_cat-secretaria","7":"product_tag-glossy","10":"first","11":"instock","12":"featured","13":"shipping-taxable","14":"purchasable","15":"product-type-simple"},"_links":{"self":[{"href":"https:\/\/urboowhome.com\/index.php\/wp-json\/wp\/v2\/product\/67141","targetHints":{"allow":["GET"]}}],"collection":[{"href":"https:\/\/urboowhome.com\/index.php\/wp-json\/wp\/v2\/product"}],"about":[{"href":"https:\/\/urboowhome.com\/index.php\/wp-json\/wp\/v2\/types\/product"}],"replies":[{"embeddable":true,"href":"https:\/\/urboowhome.com\/index.php\/wp-json\/wp\/v2\/comments?post=67141"}],"wp:featuredmedia":[{"embeddable":true,"href":"https:\/\/urboowhome.com\/index.php\/wp-json\/wp\/v2\/media\/67140"}],"wp:attachment":[{"href":"https:\/\/urboowhome.com\/index.php\/wp-json\/wp\/v2\/media?parent=67141"}],"wp:term":[{"taxonomy":"product_brand","embeddable":true,"href":"https:\/\/urboowhome.com\/index.php\/wp-json\/wp\/v2\/product_brand?post=67141"},{"taxonomy":"product_cat","embeddable":true,"href":"https:\/\/urboowhome.com\/index.php\/wp-json\/wp\/v2\/product_cat?post=67141"},{"taxonomy":"product_tag","embeddable":true,"href":"https:\/\/urboowhome.com\/index.php\/wp-json\/wp\/v2\/product_tag?post=67141"}],"curies":[{"name":"wp","href":"https:\/\/api.w.org\/{rel}","templated":true}]}}