{"id":67152,"date":"2025-08-07T13:39:25","date_gmt":"2025-08-07T13:39:25","guid":{"rendered":"https:\/\/urboowfb.com\/index.php\/produto\/strap\/"},"modified":"2026-03-23T17:27:26","modified_gmt":"2026-03-23T17:27:26","slug":"strap","status":"publish","type":"product","link":"https:\/\/urboowhome.com\/index.php\/produto\/strap\/","title":{"rendered":"Strap"},"content":{"rendered":"","protected":false},"excerpt":{"rendered":"<p>Os designers Bj\u00f8rn + Balle criaram a Strap combinando metal e imita\u00e7\u00e3o de pele de alta qualidade para uma est\u00e9tica leve e n\u00f3rdica. A elegante bracelete acrescenta calor, equilibrando um visual cl\u00e1ssico e industrial. A Strap \u00e9 fornecida com duas correias de imita\u00e7\u00e3o de pele &#8211; uma castanha e outra preta &#8211; permitindo-lhe escolher o visual final.<\/p>\n","protected":false},"featured_media":67151,"comment_status":"open","ping_status":"closed","template":"","meta":[],"product_brand":[],"product_cat":[128],"product_tag":[126],"class_list":{"0":"post-67152","1":"product","2":"type-product","3":"status-publish","4":"has-post-thumbnail","6":"product_cat-secretaria","7":"product_tag-strap","10":"first","11":"instock","12":"featured","13":"shipping-taxable","14":"purchasable","15":"product-type-simple"},"_links":{"self":[{"href":"https:\/\/urboowhome.com\/index.php\/wp-json\/wp\/v2\/product\/67152","targetHints":{"allow":["GET"]}}],"collection":[{"href":"https:\/\/urboowhome.com\/index.php\/wp-json\/wp\/v2\/product"}],"about":[{"href":"https:\/\/urboowhome.com\/index.php\/wp-json\/wp\/v2\/types\/product"}],"replies":[{"embeddable":true,"href":"https:\/\/urboowhome.com\/index.php\/wp-json\/wp\/v2\/comments?post=67152"}],"wp:featuredmedia":[{"embeddable":true,"href":"https:\/\/urboowhome.com\/index.php\/wp-json\/wp\/v2\/media\/67151"}],"wp:attachment":[{"href":"https:\/\/urboowhome.com\/index.php\/wp-json\/wp\/v2\/media?parent=67152"}],"wp:term":[{"taxonomy":"product_brand","embeddable":true,"href":"https:\/\/urboowhome.com\/index.php\/wp-json\/wp\/v2\/product_brand?post=67152"},{"taxonomy":"product_cat","embeddable":true,"href":"https:\/\/urboowhome.com\/index.php\/wp-json\/wp\/v2\/product_cat?post=67152"},{"taxonomy":"product_tag","embeddable":true,"href":"https:\/\/urboowhome.com\/index.php\/wp-json\/wp\/v2\/product_tag?post=67152"}],"curies":[{"name":"wp","href":"https:\/\/api.w.org\/{rel}","templated":true}]}}