{"id":67168,"date":"2025-08-07T13:39:37","date_gmt":"2025-08-07T13:39:37","guid":{"rendered":"https:\/\/urboowfb.com\/index.php\/produto\/taido-2\/"},"modified":"2025-08-28T09:35:40","modified_gmt":"2025-08-28T09:35:40","slug":"taido-2","status":"publish","type":"product","link":"https:\/\/urboowhome.com\/index.php\/produto\/taido-2\/","title":{"rendered":"Taido"},"content":{"rendered":"","protected":false},"excerpt":{"rendered":"<p>O candeeiro de mesa Taido do Anker Studio \u00e9 composto por duas formas geom\u00e9tricas que, em conjunto, criam uma silhueta refinada. O abajur angular e redondo \u00e9 elegantemente fixado na base c\u00f3nica. A luz \u00e9 reflectida no abajur, criando uma luz suave e difusa. O candeeiro pode ser ajustado em v\u00e1rias direc\u00e7\u00f5es, permitindo-lhe alterar o ambiente<\/p>\n","protected":false},"featured_media":67167,"comment_status":"open","ping_status":"closed","template":"","meta":[],"product_brand":[],"product_cat":[128],"product_tag":[206],"class_list":{"0":"post-67168","1":"product","2":"type-product","3":"status-publish","4":"has-post-thumbnail","6":"product_cat-secretaria","7":"product_tag-taido","10":"first","11":"instock","12":"featured","13":"shipping-taxable","14":"purchasable","15":"product-type-simple"},"_links":{"self":[{"href":"https:\/\/urboowhome.com\/index.php\/wp-json\/wp\/v2\/product\/67168","targetHints":{"allow":["GET"]}}],"collection":[{"href":"https:\/\/urboowhome.com\/index.php\/wp-json\/wp\/v2\/product"}],"about":[{"href":"https:\/\/urboowhome.com\/index.php\/wp-json\/wp\/v2\/types\/product"}],"replies":[{"embeddable":true,"href":"https:\/\/urboowhome.com\/index.php\/wp-json\/wp\/v2\/comments?post=67168"}],"wp:featuredmedia":[{"embeddable":true,"href":"https:\/\/urboowhome.com\/index.php\/wp-json\/wp\/v2\/media\/67167"}],"wp:attachment":[{"href":"https:\/\/urboowhome.com\/index.php\/wp-json\/wp\/v2\/media?parent=67168"}],"wp:term":[{"taxonomy":"product_brand","embeddable":true,"href":"https:\/\/urboowhome.com\/index.php\/wp-json\/wp\/v2\/product_brand?post=67168"},{"taxonomy":"product_cat","embeddable":true,"href":"https:\/\/urboowhome.com\/index.php\/wp-json\/wp\/v2\/product_cat?post=67168"},{"taxonomy":"product_tag","embeddable":true,"href":"https:\/\/urboowhome.com\/index.php\/wp-json\/wp\/v2\/product_tag?post=67168"}],"curies":[{"name":"wp","href":"https:\/\/api.w.org\/{rel}","templated":true}]}}