{"id":67192,"date":"2025-08-07T13:39:51","date_gmt":"2025-08-07T13:39:51","guid":{"rendered":"https:\/\/urboowfb.com\/index.php\/produto\/jeff\/"},"modified":"2026-03-23T17:27:26","modified_gmt":"2026-03-23T17:27:26","slug":"jeff","status":"publish","type":"product","link":"https:\/\/urboowhome.com\/index.php\/produto\/jeff\/","title":{"rendered":"Jeff"},"content":{"rendered":"","protected":false},"excerpt":{"rendered":"<p>O candeeiro de mesa m\u00f3vel JEFF \u00e9 um companheiro pr\u00e1tico dentro das suas pr\u00f3prias quatro paredes. A bateria recarreg\u00e1vel da lumin\u00e1ria, que pode ser facilmente carregada atrav\u00e9s da porta USB-C, permite uma coloca\u00e7\u00e3o flex\u00edvel sem cabos onde quer que seja necess\u00e1ria uma atmosfera de ilumina\u00e7\u00e3o acolhedora. A fun\u00e7\u00e3o de 4 toques da lumin\u00e1ria ajusta a intensidade da luz \u00e0s suas necessidades individuais em 3 n\u00edveis de brilho e oferece solu\u00e7\u00f5es de ilumina\u00e7\u00e3o vers\u00e1teis para a vida quotidiana moderna. O design met\u00e1lico em cinzento Ultimate \u00e9 moderno e real\u00e7a com estilo o seu interior. A lumin\u00e1ria tamb\u00e9m possui a moderna tecnologia LED, que se caracteriza por uma elevada qualidade de luz e efici\u00eancia energ\u00e9tica. Em compara\u00e7\u00e3o com as fontes de luz de halog\u00e9neo convencionais, \u00e9 poss\u00edvel poupar at\u00e9 80% dos custos de energia. As fontes de luz LED tamb\u00e9m t\u00eam uma longa vida \u00fatil, produzem menos calor e protegem o ambiente.<\/p>\n","protected":false},"featured_media":67191,"comment_status":"open","ping_status":"closed","template":"","meta":[],"product_brand":[],"product_cat":[128],"product_tag":[208],"class_list":{"0":"post-67192","1":"product","2":"type-product","3":"status-publish","4":"has-post-thumbnail","6":"product_cat-secretaria","7":"product_tag-jeff","10":"first","11":"instock","12":"featured","13":"shipping-taxable","14":"purchasable","15":"product-type-simple"},"_links":{"self":[{"href":"https:\/\/urboowhome.com\/index.php\/wp-json\/wp\/v2\/product\/67192","targetHints":{"allow":["GET"]}}],"collection":[{"href":"https:\/\/urboowhome.com\/index.php\/wp-json\/wp\/v2\/product"}],"about":[{"href":"https:\/\/urboowhome.com\/index.php\/wp-json\/wp\/v2\/types\/product"}],"replies":[{"embeddable":true,"href":"https:\/\/urboowhome.com\/index.php\/wp-json\/wp\/v2\/comments?post=67192"}],"wp:featuredmedia":[{"embeddable":true,"href":"https:\/\/urboowhome.com\/index.php\/wp-json\/wp\/v2\/media\/67191"}],"wp:attachment":[{"href":"https:\/\/urboowhome.com\/index.php\/wp-json\/wp\/v2\/media?parent=67192"}],"wp:term":[{"taxonomy":"product_brand","embeddable":true,"href":"https:\/\/urboowhome.com\/index.php\/wp-json\/wp\/v2\/product_brand?post=67192"},{"taxonomy":"product_cat","embeddable":true,"href":"https:\/\/urboowhome.com\/index.php\/wp-json\/wp\/v2\/product_cat?post=67192"},{"taxonomy":"product_tag","embeddable":true,"href":"https:\/\/urboowhome.com\/index.php\/wp-json\/wp\/v2\/product_tag?post=67192"}],"curies":[{"name":"wp","href":"https:\/\/api.w.org\/{rel}","templated":true}]}}