{"id":67209,"date":"2025-08-07T13:40:29","date_gmt":"2025-08-07T13:40:29","guid":{"rendered":"https:\/\/urboowfb.com\/index.php\/produto\/oslo-o16-2\/"},"modified":"2026-03-23T17:27:26","modified_gmt":"2026-03-23T17:27:26","slug":"oslo-o16-2","status":"publish","type":"product","link":"https:\/\/urboowhome.com\/index.php\/produto\/oslo-o16-2\/","title":{"rendered":"Oslo ?16"},"content":{"rendered":"","protected":false},"excerpt":{"rendered":"<p>Oslo \u00e9 uma fam\u00edlia simples e elegante de equipamentos feitos de metal e madeira de carvalho. A combina\u00e7\u00e3o dos materiais confere \u00e0s pe\u00e7as um aspecto minimalista e escandinavo. A partir daqui, o nome Oslo apareceu. Todas as pe\u00e7as v\u00eam em duas cores mate, preto e branco.<\/p>\n","protected":false},"featured_media":67208,"comment_status":"open","ping_status":"closed","template":"","meta":[],"product_brand":[],"product_cat":[115],"product_tag":[],"class_list":{"0":"post-67209","1":"product","2":"type-product","3":"status-publish","4":"has-post-thumbnail","6":"product_cat-pendentes","9":"first","10":"instock","11":"shipping-taxable","12":"purchasable","13":"product-type-simple"},"_links":{"self":[{"href":"https:\/\/urboowhome.com\/index.php\/wp-json\/wp\/v2\/product\/67209","targetHints":{"allow":["GET"]}}],"collection":[{"href":"https:\/\/urboowhome.com\/index.php\/wp-json\/wp\/v2\/product"}],"about":[{"href":"https:\/\/urboowhome.com\/index.php\/wp-json\/wp\/v2\/types\/product"}],"replies":[{"embeddable":true,"href":"https:\/\/urboowhome.com\/index.php\/wp-json\/wp\/v2\/comments?post=67209"}],"wp:featuredmedia":[{"embeddable":true,"href":"https:\/\/urboowhome.com\/index.php\/wp-json\/wp\/v2\/media\/67208"}],"wp:attachment":[{"href":"https:\/\/urboowhome.com\/index.php\/wp-json\/wp\/v2\/media?parent=67209"}],"wp:term":[{"taxonomy":"product_brand","embeddable":true,"href":"https:\/\/urboowhome.com\/index.php\/wp-json\/wp\/v2\/product_brand?post=67209"},{"taxonomy":"product_cat","embeddable":true,"href":"https:\/\/urboowhome.com\/index.php\/wp-json\/wp\/v2\/product_cat?post=67209"},{"taxonomy":"product_tag","embeddable":true,"href":"https:\/\/urboowhome.com\/index.php\/wp-json\/wp\/v2\/product_tag?post=67209"}],"curies":[{"name":"wp","href":"https:\/\/api.w.org\/{rel}","templated":true}]}}