{"id":67221,"date":"2025-08-07T13:40:42","date_gmt":"2025-08-07T13:40:42","guid":{"rendered":"https:\/\/urboowfb.com\/index.php\/produto\/berni-3\/"},"modified":"2026-03-23T17:27:26","modified_gmt":"2026-03-23T17:27:26","slug":"berni-3","status":"publish","type":"product","link":"https:\/\/urboowhome.com\/index.php\/produto\/berni-3\/","title":{"rendered":"Berni"},"content":{"rendered":"","protected":false},"excerpt":{"rendered":"<p>BERNI \u00e9 um conjunto de candeeiros de design da Nahtrang que se caracteriza por uma simplicidade estudada e formas puras. Um estilo requintado, pormenores cuidadosamente trabalhados e abajures em tecido que difundem a luz. O candeeiro de mesa branco \u00e9 original e confere calor \u00e0 divis\u00e3o.<\/p>\n","protected":false},"featured_media":67220,"comment_status":"open","ping_status":"closed","template":"","meta":[],"product_brand":[],"product_cat":[128],"product_tag":[],"class_list":{"0":"post-67221","1":"product","2":"type-product","3":"status-publish","4":"has-post-thumbnail","6":"product_cat-secretaria","9":"first","10":"instock","11":"shipping-taxable","12":"purchasable","13":"product-type-simple"},"_links":{"self":[{"href":"https:\/\/urboowhome.com\/index.php\/wp-json\/wp\/v2\/product\/67221","targetHints":{"allow":["GET"]}}],"collection":[{"href":"https:\/\/urboowhome.com\/index.php\/wp-json\/wp\/v2\/product"}],"about":[{"href":"https:\/\/urboowhome.com\/index.php\/wp-json\/wp\/v2\/types\/product"}],"replies":[{"embeddable":true,"href":"https:\/\/urboowhome.com\/index.php\/wp-json\/wp\/v2\/comments?post=67221"}],"wp:featuredmedia":[{"embeddable":true,"href":"https:\/\/urboowhome.com\/index.php\/wp-json\/wp\/v2\/media\/67220"}],"wp:attachment":[{"href":"https:\/\/urboowhome.com\/index.php\/wp-json\/wp\/v2\/media?parent=67221"}],"wp:term":[{"taxonomy":"product_brand","embeddable":true,"href":"https:\/\/urboowhome.com\/index.php\/wp-json\/wp\/v2\/product_brand?post=67221"},{"taxonomy":"product_cat","embeddable":true,"href":"https:\/\/urboowhome.com\/index.php\/wp-json\/wp\/v2\/product_cat?post=67221"},{"taxonomy":"product_tag","embeddable":true,"href":"https:\/\/urboowhome.com\/index.php\/wp-json\/wp\/v2\/product_tag?post=67221"}],"curies":[{"name":"wp","href":"https:\/\/api.w.org\/{rel}","templated":true}]}}