{"id":67226,"date":"2025-08-07T13:40:48","date_gmt":"2025-08-07T13:40:48","guid":{"rendered":"https:\/\/urboowfb.com\/index.php\/produto\/lena-2\/"},"modified":"2026-03-23T17:27:26","modified_gmt":"2026-03-23T17:27:26","slug":"lena-2","status":"publish","type":"product","link":"https:\/\/urboowhome.com\/index.php\/produto\/lena-2\/","title":{"rendered":"Lena"},"content":{"rendered":"","protected":false},"excerpt":{"rendered":"<p>Candeeiro de est\u00fadio moderno com tecnologia LED, fabricado em alum\u00ednio, policarbonato, vidro e silicone, com acabamento em branco. A fonte de luz \u00e9 SMD LED 3W 4000K 300Lm 70\u00b0 e o adaptador eletr\u00f3nico est\u00e1 inclu\u00eddo. Esta l\u00e2mpada \u00e9 f\u00e1cil de ligar\/desligar gra\u00e7as ao sistema Touch Lamp. LENA proporciona-lhe uma ilumina\u00e7\u00e3o de qualidade para estudar ou ler.<\/p>\n","protected":false},"featured_media":67225,"comment_status":"open","ping_status":"closed","template":"","meta":[],"product_brand":[],"product_cat":[128],"product_tag":[209],"class_list":{"0":"post-67226","1":"product","2":"type-product","3":"status-publish","4":"has-post-thumbnail","6":"product_cat-secretaria","7":"product_tag-lena","10":"first","11":"instock","12":"shipping-taxable","13":"purchasable","14":"product-type-simple"},"_links":{"self":[{"href":"https:\/\/urboowhome.com\/index.php\/wp-json\/wp\/v2\/product\/67226","targetHints":{"allow":["GET"]}}],"collection":[{"href":"https:\/\/urboowhome.com\/index.php\/wp-json\/wp\/v2\/product"}],"about":[{"href":"https:\/\/urboowhome.com\/index.php\/wp-json\/wp\/v2\/types\/product"}],"replies":[{"embeddable":true,"href":"https:\/\/urboowhome.com\/index.php\/wp-json\/wp\/v2\/comments?post=67226"}],"wp:featuredmedia":[{"embeddable":true,"href":"https:\/\/urboowhome.com\/index.php\/wp-json\/wp\/v2\/media\/67225"}],"wp:attachment":[{"href":"https:\/\/urboowhome.com\/index.php\/wp-json\/wp\/v2\/media?parent=67226"}],"wp:term":[{"taxonomy":"product_brand","embeddable":true,"href":"https:\/\/urboowhome.com\/index.php\/wp-json\/wp\/v2\/product_brand?post=67226"},{"taxonomy":"product_cat","embeddable":true,"href":"https:\/\/urboowhome.com\/index.php\/wp-json\/wp\/v2\/product_cat?post=67226"},{"taxonomy":"product_tag","embeddable":true,"href":"https:\/\/urboowhome.com\/index.php\/wp-json\/wp\/v2\/product_tag?post=67226"}],"curies":[{"name":"wp","href":"https:\/\/api.w.org\/{rel}","templated":true}]}}