{"id":67228,"date":"2025-08-07T13:40:50","date_gmt":"2025-08-07T13:40:50","guid":{"rendered":"https:\/\/urboowfb.com\/index.php\/produto\/faro\/"},"modified":"2026-03-23T17:27:26","modified_gmt":"2026-03-23T17:27:26","slug":"faro","status":"publish","type":"product","link":"https:\/\/urboowhome.com\/index.php\/produto\/faro\/","title":{"rendered":"Faro"},"content":{"rendered":"","protected":false},"excerpt":{"rendered":"<p>Chega a sua casa e \u00e9 recebido pelo caloroso acolhimento de Faro, o candeeiro de refer\u00eancia elegante e sofisticado do seu espa\u00e7o. Concebida como um farol est\u00e9tico em cer\u00e2mica, \u00e9 coroada por uma voluptuosa forma de vidro que difunde a sua luz. Com a sua presen\u00e7a harmoniosa, atrai sempre o nosso olhar, ocupando um lugar central no ambiente, embelezando e adornando o resto do espa\u00e7o. Criado pela designer internacional Maria Khachikyan, traz ao cat\u00e1logo Mantra, de forma particular, diferentes brilhos e sensa\u00e7\u00f5es nas suas duas vers\u00f5es. A sua vers\u00e3o em cer\u00e2mica preta brilhante, com o seu volume de vidro acabado em cromado (em off), transmite uma sensa\u00e7\u00e3o de calor com as suas transpar\u00eancias assim que o ligamos. A outra, em cer\u00e2mica branca brilhante com o seu vidro opalino, d\u00e1-nos uma sensa\u00e7\u00e3o diferente, de luz calma e agrad\u00e1vel. \u00c9 por isso que o ponto de refer\u00eancia nas vossas decora\u00e7\u00f5es \u00e9 Faro.<\/p>\n","protected":false},"featured_media":67227,"comment_status":"open","ping_status":"closed","template":"","meta":[],"product_brand":[],"product_cat":[128],"product_tag":[209],"class_list":{"0":"post-67228","1":"product","2":"type-product","3":"status-publish","4":"has-post-thumbnail","6":"product_cat-secretaria","7":"product_tag-lena","10":"first","11":"instock","12":"shipping-taxable","13":"purchasable","14":"product-type-simple"},"_links":{"self":[{"href":"https:\/\/urboowhome.com\/index.php\/wp-json\/wp\/v2\/product\/67228","targetHints":{"allow":["GET"]}}],"collection":[{"href":"https:\/\/urboowhome.com\/index.php\/wp-json\/wp\/v2\/product"}],"about":[{"href":"https:\/\/urboowhome.com\/index.php\/wp-json\/wp\/v2\/types\/product"}],"replies":[{"embeddable":true,"href":"https:\/\/urboowhome.com\/index.php\/wp-json\/wp\/v2\/comments?post=67228"}],"wp:featuredmedia":[{"embeddable":true,"href":"https:\/\/urboowhome.com\/index.php\/wp-json\/wp\/v2\/media\/67227"}],"wp:attachment":[{"href":"https:\/\/urboowhome.com\/index.php\/wp-json\/wp\/v2\/media?parent=67228"}],"wp:term":[{"taxonomy":"product_brand","embeddable":true,"href":"https:\/\/urboowhome.com\/index.php\/wp-json\/wp\/v2\/product_brand?post=67228"},{"taxonomy":"product_cat","embeddable":true,"href":"https:\/\/urboowhome.com\/index.php\/wp-json\/wp\/v2\/product_cat?post=67228"},{"taxonomy":"product_tag","embeddable":true,"href":"https:\/\/urboowhome.com\/index.php\/wp-json\/wp\/v2\/product_tag?post=67228"}],"curies":[{"name":"wp","href":"https:\/\/api.w.org\/{rel}","templated":true}]}}