{"id":67246,"date":"2025-08-07T13:41:17","date_gmt":"2025-08-07T13:41:17","guid":{"rendered":"https:\/\/urboowfb.com\/index.php\/produto\/konsti-2\/"},"modified":"2026-03-23T17:27:26","modified_gmt":"2026-03-23T17:27:26","slug":"konsti-2","status":"publish","type":"product","link":"https:\/\/urboowhome.com\/index.php\/produto\/konsti-2\/","title":{"rendered":"Konsti"},"content":{"rendered":"","protected":false},"excerpt":{"rendered":"<p>Este candeeiro de mesa da s\u00e9rie Konsti \u00e9 um complemento elegante para a sua secret\u00e1ria. O candeeiro de mesa de 90,5 cm \u00e9 composto por duas hastes girat\u00f3rias de alum\u00ednio escovado fixadas a uma base de alum\u00ednio. No topo da segunda haste encontra-se uma forma redonda feita de pl\u00e1stico preto, que inclui as l\u00e2mpadas LED cobertas por pl\u00e1stico acetinado, que fornecem 605 l\u00famenes de luz forte. Com a ajuda do regulador de intensidade t\u00e1til inclu\u00eddo, pode n\u00e3o s\u00f3 regular a intensidade da lumin\u00e1ria, mas tamb\u00e9m ajustar a cor da luz em v\u00e1rios n\u00edveis (3000, 4000 e 6300 Kelvin) entre branco quente e branco frio. Com outros modelos da mesma s\u00e9rie, pode criar um ambiente elegante nos seus interiores.<\/p>\n","protected":false},"featured_media":67245,"comment_status":"open","ping_status":"closed","template":"","meta":[],"product_brand":[],"product_cat":[128],"product_tag":[211],"class_list":{"0":"post-67246","1":"product","2":"type-product","3":"status-publish","4":"has-post-thumbnail","6":"product_cat-secretaria","7":"product_tag-konsti","10":"first","11":"instock","12":"shipping-taxable","13":"purchasable","14":"product-type-simple"},"_links":{"self":[{"href":"https:\/\/urboowhome.com\/index.php\/wp-json\/wp\/v2\/product\/67246","targetHints":{"allow":["GET"]}}],"collection":[{"href":"https:\/\/urboowhome.com\/index.php\/wp-json\/wp\/v2\/product"}],"about":[{"href":"https:\/\/urboowhome.com\/index.php\/wp-json\/wp\/v2\/types\/product"}],"replies":[{"embeddable":true,"href":"https:\/\/urboowhome.com\/index.php\/wp-json\/wp\/v2\/comments?post=67246"}],"wp:featuredmedia":[{"embeddable":true,"href":"https:\/\/urboowhome.com\/index.php\/wp-json\/wp\/v2\/media\/67245"}],"wp:attachment":[{"href":"https:\/\/urboowhome.com\/index.php\/wp-json\/wp\/v2\/media?parent=67246"}],"wp:term":[{"taxonomy":"product_brand","embeddable":true,"href":"https:\/\/urboowhome.com\/index.php\/wp-json\/wp\/v2\/product_brand?post=67246"},{"taxonomy":"product_cat","embeddable":true,"href":"https:\/\/urboowhome.com\/index.php\/wp-json\/wp\/v2\/product_cat?post=67246"},{"taxonomy":"product_tag","embeddable":true,"href":"https:\/\/urboowhome.com\/index.php\/wp-json\/wp\/v2\/product_tag?post=67246"}],"curies":[{"name":"wp","href":"https:\/\/api.w.org\/{rel}","templated":true}]}}