{"id":67251,"date":"2025-08-07T13:41:26","date_gmt":"2025-08-07T13:41:26","guid":{"rendered":"https:\/\/urboowfb.com\/index.php\/produto\/blacky-i-3\/"},"modified":"2026-03-23T17:27:26","modified_gmt":"2026-03-23T17:27:26","slug":"blacky-i-3","status":"publish","type":"product","link":"https:\/\/urboowhome.com\/index.php\/produto\/blacky-i-3\/","title":{"rendered":"Blacky I"},"content":{"rendered":"","protected":false},"excerpt":{"rendered":"<p>Este candeeiro de mesa de 45 cm \u00e9 um complemento maravilhoso para os seus interiores. \u00c9 composto por uma base met\u00e1lica de lat\u00e3o (\u00f8 15 cm), que tamb\u00e9m tem uma haste met\u00e1lica de cor messin. Na parte superior, tem um abajur redondo em vidro fumado (\u00f8 18,5 cm), que pode ser equipado com uma l\u00e2mpada E14 \u00e0 sua escolha. Isto d\u00e1-lhe a oportunidade de determinar a cor da luz e a luminosidade de acordo com as suas ideias. Al\u00e9m disso, o cabo de 150 cm de comprimento est\u00e1 equipado com um interrutor inclu\u00eddo, com o qual pode ligar e desligar convenientemente o candeeiro de mesa. Com outros modelos da mesma s\u00e9rie, pode criar um ambiente elegante nas suas quatro paredes e completar o quadro geral.<\/p>\n","protected":false},"featured_media":67250,"comment_status":"open","ping_status":"closed","template":"","meta":[],"product_brand":[],"product_cat":[128],"product_tag":[211],"class_list":{"0":"post-67251","1":"product","2":"type-product","3":"status-publish","4":"has-post-thumbnail","6":"product_cat-secretaria","7":"product_tag-konsti","10":"first","11":"instock","12":"shipping-taxable","13":"purchasable","14":"product-type-simple"},"_links":{"self":[{"href":"https:\/\/urboowhome.com\/index.php\/wp-json\/wp\/v2\/product\/67251","targetHints":{"allow":["GET"]}}],"collection":[{"href":"https:\/\/urboowhome.com\/index.php\/wp-json\/wp\/v2\/product"}],"about":[{"href":"https:\/\/urboowhome.com\/index.php\/wp-json\/wp\/v2\/types\/product"}],"replies":[{"embeddable":true,"href":"https:\/\/urboowhome.com\/index.php\/wp-json\/wp\/v2\/comments?post=67251"}],"wp:featuredmedia":[{"embeddable":true,"href":"https:\/\/urboowhome.com\/index.php\/wp-json\/wp\/v2\/media\/67250"}],"wp:attachment":[{"href":"https:\/\/urboowhome.com\/index.php\/wp-json\/wp\/v2\/media?parent=67251"}],"wp:term":[{"taxonomy":"product_brand","embeddable":true,"href":"https:\/\/urboowhome.com\/index.php\/wp-json\/wp\/v2\/product_brand?post=67251"},{"taxonomy":"product_cat","embeddable":true,"href":"https:\/\/urboowhome.com\/index.php\/wp-json\/wp\/v2\/product_cat?post=67251"},{"taxonomy":"product_tag","embeddable":true,"href":"https:\/\/urboowhome.com\/index.php\/wp-json\/wp\/v2\/product_tag?post=67251"}],"curies":[{"name":"wp","href":"https:\/\/api.w.org\/{rel}","templated":true}]}}