{"id":67323,"date":"2025-08-07T13:43:21","date_gmt":"2025-08-07T13:43:21","guid":{"rendered":"https:\/\/urboowfb.com\/index.php\/produto\/lennon-2\/"},"modified":"2026-03-23T17:27:28","modified_gmt":"2026-03-23T17:27:28","slug":"lennon-2","status":"publish","type":"product","link":"https:\/\/urboowhome.com\/index.php\/produto\/lennon-2\/","title":{"rendered":"Lennon"},"content":{"rendered":"","protected":false},"excerpt":{"rendered":"<p>O candeeiro de mesa LENNON, de design purista, \u00e9 ideal para utiliza\u00e7\u00e3o no interior e no exterior. Gra\u00e7as ao facto de funcionar a pilhas, a pequena luz pode ser levada de forma flex\u00edvel para qualquer festa no jardim. A luz m\u00f3vel pode ser facilmente carregada atrav\u00e9s de uma liga\u00e7\u00e3o USB-C. Al\u00e9m disso, o candeeiro de mesa tem um toque de 4 dobras, para que a intensidade da luz e, portanto, o humor do ambiente possam ser determinados individualmente. Devido \u00e0 classifica\u00e7\u00e3o IP44, a lumin\u00e1ria est\u00e1 protegida contra salpicos de \u00e1gua e, por conseguinte, tamb\u00e9m \u00e9 adequada para utiliza\u00e7\u00e3o no exterior. O design simples e reduzido em forma de cogumelo faz do candeeiro de mesa em Amarelo Iluminado um elemento decorativo discreto e particularmente adapt\u00e1vel. Al\u00e9m disso, a lumin\u00e1ria possui a moderna tecnologia LED, que se caracteriza por uma elevada qualidade de luz e efici\u00eancia energ\u00e9tica. Em compara\u00e7\u00e3o com as l\u00e2mpadas de halog\u00e9neo convencionais, \u00e9 poss\u00edvel poupar at\u00e9 80% dos custos de energia. Al\u00e9m disso, as fontes de luz LED t\u00eam uma longa vida \u00fatil, produzem menos calor e protegem o ambiente.<\/p>\n","protected":false},"featured_media":67322,"comment_status":"open","ping_status":"closed","template":"","meta":[],"product_brand":[],"product_cat":[128],"product_tag":[214],"class_list":{"0":"post-67323","1":"product","2":"type-product","3":"status-publish","4":"has-post-thumbnail","6":"product_cat-secretaria","7":"product_tag-lennon","10":"first","11":"instock","12":"featured","13":"shipping-taxable","14":"purchasable","15":"product-type-simple"},"_links":{"self":[{"href":"https:\/\/urboowhome.com\/index.php\/wp-json\/wp\/v2\/product\/67323","targetHints":{"allow":["GET"]}}],"collection":[{"href":"https:\/\/urboowhome.com\/index.php\/wp-json\/wp\/v2\/product"}],"about":[{"href":"https:\/\/urboowhome.com\/index.php\/wp-json\/wp\/v2\/types\/product"}],"replies":[{"embeddable":true,"href":"https:\/\/urboowhome.com\/index.php\/wp-json\/wp\/v2\/comments?post=67323"}],"wp:featuredmedia":[{"embeddable":true,"href":"https:\/\/urboowhome.com\/index.php\/wp-json\/wp\/v2\/media\/67322"}],"wp:attachment":[{"href":"https:\/\/urboowhome.com\/index.php\/wp-json\/wp\/v2\/media?parent=67323"}],"wp:term":[{"taxonomy":"product_brand","embeddable":true,"href":"https:\/\/urboowhome.com\/index.php\/wp-json\/wp\/v2\/product_brand?post=67323"},{"taxonomy":"product_cat","embeddable":true,"href":"https:\/\/urboowhome.com\/index.php\/wp-json\/wp\/v2\/product_cat?post=67323"},{"taxonomy":"product_tag","embeddable":true,"href":"https:\/\/urboowhome.com\/index.php\/wp-json\/wp\/v2\/product_tag?post=67323"}],"curies":[{"name":"wp","href":"https:\/\/api.w.org\/{rel}","templated":true}]}}