{"id":67347,"date":"2025-08-07T13:44:00","date_gmt":"2025-08-07T13:44:00","guid":{"rendered":"https:\/\/urboowfb.com\/index.php\/produto\/pure-3\/"},"modified":"2026-03-23T17:27:28","modified_gmt":"2026-03-23T17:27:28","slug":"pure-3","status":"publish","type":"product","link":"https:\/\/urboowhome.com\/index.php\/produto\/pure-3\/","title":{"rendered":"Pure"},"content":{"rendered":"","protected":false},"excerpt":{"rendered":"<p>Simples e absolutamente elegante! Quer se trate de um estilo de mobili\u00e1rio claro e linear ou de algo mais l\u00fadico &#8211; o candeeiro de mesa PURE proporciona toques decorativos e d\u00e1 a cada interior um toque de eleg\u00e2ncia. Tamb\u00e9m define o cen\u00e1rio na perfei\u00e7\u00e3o para c\u00f3modas, mesas de cabeceira e aparadores. A combina\u00e7\u00e3o de cores de preto mate com vidro branco \u00e9 intemporal e enquadra-se perfeitamente em todos os estilos de vida. Para uma ilumina\u00e7\u00e3o economizadora de energia, recomenda-se a utiliza\u00e7\u00e3o de uma l\u00e2mpada LED. Estas s\u00e3o uma \u00f3ptima alternativa \u00e0s l\u00e2mpadas de halog\u00e9neo convencionais e representam uma elevada qualidade de luz e uma poupan\u00e7a de energia de at\u00e9 80%. Al\u00e9m disso, as l\u00e2mpadas LED ajudam-no a beneficiar de uma longa vida \u00fatil, de uma baixa produ\u00e7\u00e3o de calor e, ao mesmo tempo, protegem o ambiente.<\/p>\n","protected":false},"featured_media":67346,"comment_status":"open","ping_status":"closed","template":"","meta":[],"product_brand":[],"product_cat":[128],"product_tag":[168],"class_list":{"0":"post-67347","1":"product","2":"type-product","3":"status-publish","4":"has-post-thumbnail","6":"product_cat-secretaria","7":"product_tag-pure","10":"first","11":"instock","12":"featured","13":"shipping-taxable","14":"purchasable","15":"product-type-simple"},"_links":{"self":[{"href":"https:\/\/urboowhome.com\/index.php\/wp-json\/wp\/v2\/product\/67347","targetHints":{"allow":["GET"]}}],"collection":[{"href":"https:\/\/urboowhome.com\/index.php\/wp-json\/wp\/v2\/product"}],"about":[{"href":"https:\/\/urboowhome.com\/index.php\/wp-json\/wp\/v2\/types\/product"}],"replies":[{"embeddable":true,"href":"https:\/\/urboowhome.com\/index.php\/wp-json\/wp\/v2\/comments?post=67347"}],"wp:featuredmedia":[{"embeddable":true,"href":"https:\/\/urboowhome.com\/index.php\/wp-json\/wp\/v2\/media\/67346"}],"wp:attachment":[{"href":"https:\/\/urboowhome.com\/index.php\/wp-json\/wp\/v2\/media?parent=67347"}],"wp:term":[{"taxonomy":"product_brand","embeddable":true,"href":"https:\/\/urboowhome.com\/index.php\/wp-json\/wp\/v2\/product_brand?post=67347"},{"taxonomy":"product_cat","embeddable":true,"href":"https:\/\/urboowhome.com\/index.php\/wp-json\/wp\/v2\/product_cat?post=67347"},{"taxonomy":"product_tag","embeddable":true,"href":"https:\/\/urboowhome.com\/index.php\/wp-json\/wp\/v2\/product_tag?post=67347"}],"curies":[{"name":"wp","href":"https:\/\/api.w.org\/{rel}","templated":true}]}}