{"id":67371,"date":"2025-08-07T13:44:19","date_gmt":"2025-08-07T13:44:19","guid":{"rendered":"https:\/\/urboowfb.com\/index.php\/produto\/ellen-20-3\/"},"modified":"2026-03-23T17:27:28","modified_gmt":"2026-03-23T17:27:28","slug":"ellen-20-3","status":"publish","type":"product","link":"https:\/\/urboowhome.com\/index.php\/produto\/ellen-20-3\/","title":{"rendered":"Ellen 20"},"content":{"rendered":"","protected":false},"excerpt":{"rendered":"<p>Com refer\u00eancias ao design escandinavo minimalista e intemporal, a Ellen enquadra-se perfeitamente na maioria dos designs de interiores. O abajur arredondado cria um contraste elegante e contempor\u00e2neo com a estrutura leve e contribui com volume visual e um amplo campo de luz. O candeeiro de parede Ellen \u00e9 perfeito para criar uma luz suave e agrad\u00e1vel junto \u00e0 sua cama ou sof\u00e1.<\/p>\n","protected":false},"featured_media":67370,"comment_status":"open","ping_status":"closed","template":"","meta":[],"product_brand":[],"product_cat":[119],"product_tag":[204],"class_list":{"0":"post-67371","1":"product","2":"type-product","3":"status-publish","4":"has-post-thumbnail","6":"product_cat-parede","7":"product_tag-ellen","10":"first","11":"instock","12":"featured","13":"shipping-taxable","14":"purchasable","15":"product-type-simple"},"_links":{"self":[{"href":"https:\/\/urboowhome.com\/index.php\/wp-json\/wp\/v2\/product\/67371","targetHints":{"allow":["GET"]}}],"collection":[{"href":"https:\/\/urboowhome.com\/index.php\/wp-json\/wp\/v2\/product"}],"about":[{"href":"https:\/\/urboowhome.com\/index.php\/wp-json\/wp\/v2\/types\/product"}],"replies":[{"embeddable":true,"href":"https:\/\/urboowhome.com\/index.php\/wp-json\/wp\/v2\/comments?post=67371"}],"wp:featuredmedia":[{"embeddable":true,"href":"https:\/\/urboowhome.com\/index.php\/wp-json\/wp\/v2\/media\/67370"}],"wp:attachment":[{"href":"https:\/\/urboowhome.com\/index.php\/wp-json\/wp\/v2\/media?parent=67371"}],"wp:term":[{"taxonomy":"product_brand","embeddable":true,"href":"https:\/\/urboowhome.com\/index.php\/wp-json\/wp\/v2\/product_brand?post=67371"},{"taxonomy":"product_cat","embeddable":true,"href":"https:\/\/urboowhome.com\/index.php\/wp-json\/wp\/v2\/product_cat?post=67371"},{"taxonomy":"product_tag","embeddable":true,"href":"https:\/\/urboowhome.com\/index.php\/wp-json\/wp\/v2\/product_tag?post=67371"}],"curies":[{"name":"wp","href":"https:\/\/api.w.org\/{rel}","templated":true}]}}