{"id":67416,"date":"2025-08-07T13:44:58","date_gmt":"2025-08-07T13:44:58","guid":{"rendered":"https:\/\/urboowfb.com\/index.php\/produto\/ardas-2\/"},"modified":"2026-03-23T17:27:28","modified_gmt":"2026-03-23T17:27:28","slug":"ardas-2","status":"publish","type":"product","link":"https:\/\/urboowhome.com\/index.php\/produto\/ardas-2\/","title":{"rendered":"Ardas"},"content":{"rendered":"","protected":false},"excerpt":{"rendered":"<p>A ilumina\u00e7\u00e3o ascendente e descendente da lumin\u00e1ria de parede ARDAS d\u00e1 um toque decorativo \u00e0 fachada da sua casa e banha o seu jardim, terra\u00e7o ou \u00e1rea de entrada num ambiente harmonioso. A fonte de luz n\u00e3o s\u00f3 proporciona uma difus\u00e3o da luz atmosf\u00e9rica, mas tamb\u00e9m seguran\u00e7a quando a escurid\u00e3o come\u00e7a a cair \u00e0 volta da sua casa. Gra\u00e7as ao grau de prote\u00e7\u00e3o IP44 e ao corpo robusto em alum\u00ednio fundido sob press\u00e3o, a lumin\u00e1ria de exterior resiste a todas as condi\u00e7\u00f5es climat\u00e9ricas. O design em forma de ampulheta, bem como o elegante esquema de cores em branco mate, real\u00e7a a sua \u00e1rea exterior com um estilo contempor\u00e2neo. Para uma ilumina\u00e7\u00e3o economizadora de energia, recomenda-se a utiliza\u00e7\u00e3o de uma l\u00e2mpada LED. Estas s\u00e3o uma \u00f3ptima alternativa \u00e0s l\u00e2mpadas de halog\u00e9neo convencionais e representam uma elevada qualidade de luz e uma poupan\u00e7a de energia de at\u00e9 80%. Al\u00e9m disso, as l\u00e2mpadas LED ajudam-no a beneficiar de uma longa vida \u00fatil, de uma baixa produ\u00e7\u00e3o de calor e, ao mesmo tempo, protegem o ambiente.<\/p>\n","protected":false},"featured_media":67415,"comment_status":"open","ping_status":"closed","template":"","meta":[],"product_brand":[],"product_cat":[119],"product_tag":[216],"class_list":{"0":"post-67416","1":"product","2":"type-product","3":"status-publish","4":"has-post-thumbnail","6":"product_cat-parede","7":"product_tag-ardas","10":"first","11":"instock","12":"featured","13":"shipping-taxable","14":"purchasable","15":"product-type-simple"},"_links":{"self":[{"href":"https:\/\/urboowhome.com\/index.php\/wp-json\/wp\/v2\/product\/67416","targetHints":{"allow":["GET"]}}],"collection":[{"href":"https:\/\/urboowhome.com\/index.php\/wp-json\/wp\/v2\/product"}],"about":[{"href":"https:\/\/urboowhome.com\/index.php\/wp-json\/wp\/v2\/types\/product"}],"replies":[{"embeddable":true,"href":"https:\/\/urboowhome.com\/index.php\/wp-json\/wp\/v2\/comments?post=67416"}],"wp:featuredmedia":[{"embeddable":true,"href":"https:\/\/urboowhome.com\/index.php\/wp-json\/wp\/v2\/media\/67415"}],"wp:attachment":[{"href":"https:\/\/urboowhome.com\/index.php\/wp-json\/wp\/v2\/media?parent=67416"}],"wp:term":[{"taxonomy":"product_brand","embeddable":true,"href":"https:\/\/urboowhome.com\/index.php\/wp-json\/wp\/v2\/product_brand?post=67416"},{"taxonomy":"product_cat","embeddable":true,"href":"https:\/\/urboowhome.com\/index.php\/wp-json\/wp\/v2\/product_cat?post=67416"},{"taxonomy":"product_tag","embeddable":true,"href":"https:\/\/urboowhome.com\/index.php\/wp-json\/wp\/v2\/product_tag?post=67416"}],"curies":[{"name":"wp","href":"https:\/\/api.w.org\/{rel}","templated":true}]}}