{"id":67447,"date":"2025-08-07T13:46:28","date_gmt":"2025-08-07T13:46:28","guid":{"rendered":"https:\/\/urboowfb.com\/index.php\/produto\/pure-5\/"},"modified":"2026-03-23T17:27:29","modified_gmt":"2026-03-23T17:27:29","slug":"pure-5","status":"publish","type":"product","link":"https:\/\/urboowhome.com\/index.php\/produto\/pure-5\/","title":{"rendered":"Pure"},"content":{"rendered":"","protected":false},"excerpt":{"rendered":"<p>Simples e com muito estilo! Quer se trate de um estilo de mobili\u00e1rio simples e direto ou de algo mais divertido &#8211; os candeeiros da gama PURE proporcionam acentos decorativos simples para dar um toque de eleg\u00e2ncia a qualquer visual. O estilo simples \u00e9 incrivelmente contempor\u00e2neo e tamb\u00e9m pode ser combinado com elementos marcantes. A lumin\u00e1ria de parede pode ser utilizada como luz ao lado da cama e possui a funcionalidade FLEXConnect, pelo que a lumin\u00e1ria \u00e9 adequada tanto para liga\u00e7\u00e3o fixa como para funcionamento com um cabo de alimenta\u00e7\u00e3o. O design purista e minimalista da PURE \u00e9 uma mistura de um sofisticado aspeto met\u00e1lico em lat\u00e3o mate e vidro opalino branco. A utiliza\u00e7\u00e3o de fontes de luz LED \u00e9 recomendada para uma ilumina\u00e7\u00e3o economizadora de energia. Estas s\u00e3o uma alternativa ideal \u00e0s fontes de luz de halog\u00e9neo convencionais e oferecem uma elevada qualidade de luz e uma poupan\u00e7a de energia at\u00e9 80%. Com as fontes de luz LED, tamb\u00e9m beneficia de uma longa vida \u00fatil e de uma baixa produ\u00e7\u00e3o de calor, protegendo o ambiente.<\/p>\n","protected":false},"featured_media":67446,"comment_status":"open","ping_status":"closed","template":"","meta":[],"product_brand":[],"product_cat":[119],"product_tag":[168],"class_list":{"0":"post-67447","1":"product","2":"type-product","3":"status-publish","4":"has-post-thumbnail","6":"product_cat-parede","7":"product_tag-pure","10":"first","11":"instock","12":"featured","13":"shipping-taxable","14":"purchasable","15":"product-type-simple"},"_links":{"self":[{"href":"https:\/\/urboowhome.com\/index.php\/wp-json\/wp\/v2\/product\/67447","targetHints":{"allow":["GET"]}}],"collection":[{"href":"https:\/\/urboowhome.com\/index.php\/wp-json\/wp\/v2\/product"}],"about":[{"href":"https:\/\/urboowhome.com\/index.php\/wp-json\/wp\/v2\/types\/product"}],"replies":[{"embeddable":true,"href":"https:\/\/urboowhome.com\/index.php\/wp-json\/wp\/v2\/comments?post=67447"}],"wp:featuredmedia":[{"embeddable":true,"href":"https:\/\/urboowhome.com\/index.php\/wp-json\/wp\/v2\/media\/67446"}],"wp:attachment":[{"href":"https:\/\/urboowhome.com\/index.php\/wp-json\/wp\/v2\/media?parent=67447"}],"wp:term":[{"taxonomy":"product_brand","embeddable":true,"href":"https:\/\/urboowhome.com\/index.php\/wp-json\/wp\/v2\/product_brand?post=67447"},{"taxonomy":"product_cat","embeddable":true,"href":"https:\/\/urboowhome.com\/index.php\/wp-json\/wp\/v2\/product_cat?post=67447"},{"taxonomy":"product_tag","embeddable":true,"href":"https:\/\/urboowhome.com\/index.php\/wp-json\/wp\/v2\/product_tag?post=67447"}],"curies":[{"name":"wp","href":"https:\/\/api.w.org\/{rel}","templated":true}]}}