{"id":67475,"date":"2025-08-07T13:46:45","date_gmt":"2025-08-07T13:46:45","guid":{"rendered":"https:\/\/urboowfb.com\/index.php\/produto\/many\/"},"modified":"2026-03-23T17:27:29","modified_gmt":"2026-03-23T17:27:29","slug":"many","status":"publish","type":"product","link":"https:\/\/urboowhome.com\/index.php\/produto\/many\/","title":{"rendered":"Many"},"content":{"rendered":"","protected":false},"excerpt":{"rendered":"<p>Este candeeiro de parede moderno da s\u00e9rie Many (\u00f8 14,6 cm) integra-se perfeitamente no ambiente de v\u00e1rios estilos de vida gra\u00e7as ao seu design simples em metal preto. A lumin\u00e1ria, que sobressai 15 cm da parede, \u00e9 constitu\u00edda por uma placa de metal redonda emoldurada por um anel de acr\u00edlico opalino com l\u00e2mpadas LED. Al\u00e9m disso, possui um cilindro met\u00e1lico obl\u00edquo virado para baixo, que tamb\u00e9m est\u00e1 equipado com LED na parte inferior. As l\u00e2mpadas LED inclu\u00eddas fornecem 489 lumens de luz forte com uma agrad\u00e1vel cor de luz de 3000 Kelvin (branco quente) e podem ser ligadas e desligadas separadamente com os interruptores integrados. Com mais artigos da mesma s\u00e9rie, pode completar o quadro geral dos seus interiores.<\/p>\n","protected":false},"featured_media":67474,"comment_status":"open","ping_status":"closed","template":"","meta":[],"product_brand":[],"product_cat":[119],"product_tag":[222],"class_list":{"0":"post-67475","1":"product","2":"type-product","3":"status-publish","4":"has-post-thumbnail","6":"product_cat-parede","7":"product_tag-many","10":"first","11":"instock","12":"shipping-taxable","13":"purchasable","14":"product-type-simple"},"_links":{"self":[{"href":"https:\/\/urboowhome.com\/index.php\/wp-json\/wp\/v2\/product\/67475","targetHints":{"allow":["GET"]}}],"collection":[{"href":"https:\/\/urboowhome.com\/index.php\/wp-json\/wp\/v2\/product"}],"about":[{"href":"https:\/\/urboowhome.com\/index.php\/wp-json\/wp\/v2\/types\/product"}],"replies":[{"embeddable":true,"href":"https:\/\/urboowhome.com\/index.php\/wp-json\/wp\/v2\/comments?post=67475"}],"wp:featuredmedia":[{"embeddable":true,"href":"https:\/\/urboowhome.com\/index.php\/wp-json\/wp\/v2\/media\/67474"}],"wp:attachment":[{"href":"https:\/\/urboowhome.com\/index.php\/wp-json\/wp\/v2\/media?parent=67475"}],"wp:term":[{"taxonomy":"product_brand","embeddable":true,"href":"https:\/\/urboowhome.com\/index.php\/wp-json\/wp\/v2\/product_brand?post=67475"},{"taxonomy":"product_cat","embeddable":true,"href":"https:\/\/urboowhome.com\/index.php\/wp-json\/wp\/v2\/product_cat?post=67475"},{"taxonomy":"product_tag","embeddable":true,"href":"https:\/\/urboowhome.com\/index.php\/wp-json\/wp\/v2\/product_tag?post=67475"}],"curies":[{"name":"wp","href":"https:\/\/api.w.org\/{rel}","templated":true}]}}