{"id":67485,"date":"2025-08-07T13:46:54","date_gmt":"2025-08-07T13:46:54","guid":{"rendered":"https:\/\/urboowfb.com\/index.php\/produto\/siegfried\/"},"modified":"2026-03-23T17:27:29","modified_gmt":"2026-03-23T17:27:29","slug":"siegfried","status":"publish","type":"product","link":"https:\/\/urboowhome.com\/index.php\/produto\/siegfried\/","title":{"rendered":"Siegfried"},"content":{"rendered":"","protected":false},"excerpt":{"rendered":"<p>Este candeeiro de parede moderno com o nome Siegfried pontua com o seu design e acabamento. Feito de alum\u00ednio preto e acr\u00edlico preto (L= 29,5cm), este candeeiro \u00e9 vers\u00e1til. A l\u00e2mpada LED padr\u00e3o fornece uma luz forte de 380 lumens e tem uma cor de luz branca quente (3000K). Ao brilhar para cima e para baixo, cria uma atmosfera agrad\u00e1vel e acolhedora na sua sala de estar.<\/p>\n","protected":false},"featured_media":67484,"comment_status":"open","ping_status":"closed","template":"","meta":[],"product_brand":[],"product_cat":[119],"product_tag":[223],"class_list":{"0":"post-67485","1":"product","2":"type-product","3":"status-publish","4":"has-post-thumbnail","6":"product_cat-parede","7":"product_tag-41751-12b","10":"first","11":"instock","12":"shipping-taxable","13":"purchasable","14":"product-type-simple"},"_links":{"self":[{"href":"https:\/\/urboowhome.com\/index.php\/wp-json\/wp\/v2\/product\/67485","targetHints":{"allow":["GET"]}}],"collection":[{"href":"https:\/\/urboowhome.com\/index.php\/wp-json\/wp\/v2\/product"}],"about":[{"href":"https:\/\/urboowhome.com\/index.php\/wp-json\/wp\/v2\/types\/product"}],"replies":[{"embeddable":true,"href":"https:\/\/urboowhome.com\/index.php\/wp-json\/wp\/v2\/comments?post=67485"}],"wp:featuredmedia":[{"embeddable":true,"href":"https:\/\/urboowhome.com\/index.php\/wp-json\/wp\/v2\/media\/67484"}],"wp:attachment":[{"href":"https:\/\/urboowhome.com\/index.php\/wp-json\/wp\/v2\/media?parent=67485"}],"wp:term":[{"taxonomy":"product_brand","embeddable":true,"href":"https:\/\/urboowhome.com\/index.php\/wp-json\/wp\/v2\/product_brand?post=67485"},{"taxonomy":"product_cat","embeddable":true,"href":"https:\/\/urboowhome.com\/index.php\/wp-json\/wp\/v2\/product_cat?post=67485"},{"taxonomy":"product_tag","embeddable":true,"href":"https:\/\/urboowhome.com\/index.php\/wp-json\/wp\/v2\/product_tag?post=67485"}],"curies":[{"name":"wp","href":"https:\/\/api.w.org\/{rel}","templated":true}]}}