{"id":67500,"date":"2025-08-07T13:47:16","date_gmt":"2025-08-07T13:47:16","guid":{"rendered":"https:\/\/urboowfb.com\/index.php\/produto\/pure-aplique\/"},"modified":"2026-03-23T17:27:29","modified_gmt":"2026-03-23T17:27:29","slug":"pure-aplique","status":"publish","type":"product","link":"https:\/\/urboowhome.com\/index.php\/produto\/pure-aplique\/","title":{"rendered":"Pure Aplique"},"content":{"rendered":"","protected":false},"excerpt":{"rendered":"<p>PURE LED \u00e9 um candeeiro de parede de design da Nahtrang. O seu corpo minimalista e a cabe\u00e7a arredondada fazem dele um cl\u00e1ssico renovado. Este candeeiro de parede destina-se \u00e0 ilumina\u00e7\u00e3o dom\u00e9stica e \u00e9 uma boa escolha para quartos e salas de estar.<\/p>\n","protected":false},"featured_media":67499,"comment_status":"open","ping_status":"closed","template":"","meta":[],"product_brand":[],"product_cat":[119],"product_tag":[227],"class_list":{"0":"post-67500","1":"product","2":"type-product","3":"status-publish","4":"has-post-thumbnail","6":"product_cat-parede","7":"product_tag-pure-aplique","10":"first","11":"instock","12":"shipping-taxable","13":"purchasable","14":"product-type-simple"},"_links":{"self":[{"href":"https:\/\/urboowhome.com\/index.php\/wp-json\/wp\/v2\/product\/67500","targetHints":{"allow":["GET"]}}],"collection":[{"href":"https:\/\/urboowhome.com\/index.php\/wp-json\/wp\/v2\/product"}],"about":[{"href":"https:\/\/urboowhome.com\/index.php\/wp-json\/wp\/v2\/types\/product"}],"replies":[{"embeddable":true,"href":"https:\/\/urboowhome.com\/index.php\/wp-json\/wp\/v2\/comments?post=67500"}],"wp:featuredmedia":[{"embeddable":true,"href":"https:\/\/urboowhome.com\/index.php\/wp-json\/wp\/v2\/media\/67499"}],"wp:attachment":[{"href":"https:\/\/urboowhome.com\/index.php\/wp-json\/wp\/v2\/media?parent=67500"}],"wp:term":[{"taxonomy":"product_brand","embeddable":true,"href":"https:\/\/urboowhome.com\/index.php\/wp-json\/wp\/v2\/product_brand?post=67500"},{"taxonomy":"product_cat","embeddable":true,"href":"https:\/\/urboowhome.com\/index.php\/wp-json\/wp\/v2\/product_cat?post=67500"},{"taxonomy":"product_tag","embeddable":true,"href":"https:\/\/urboowhome.com\/index.php\/wp-json\/wp\/v2\/product_tag?post=67500"}],"curies":[{"name":"wp","href":"https:\/\/api.w.org\/{rel}","templated":true}]}}