{"id":67509,"date":"2025-08-07T13:47:22","date_gmt":"2025-08-07T13:47:22","guid":{"rendered":"https:\/\/urboowfb.com\/index.php\/produto\/suau-usb-a\/"},"modified":"2026-03-23T17:27:30","modified_gmt":"2026-03-23T17:27:30","slug":"suau-usb-a","status":"publish","type":"product","link":"https:\/\/urboowhome.com\/index.php\/produto\/suau-usb-a\/","title":{"rendered":"Suau USB A"},"content":{"rendered":"","protected":false},"excerpt":{"rendered":"<p>SUAU \u00e9 um candeeiro de parede minimalista concebido por Nahtrang. Este candeeiro de parede tem um interrutor integrado na base para facilitar a sua utiliza\u00e7\u00e3o. Concebido para espa\u00e7os de leitura, onde \u00e9 necess\u00e1rio incorporar um ponto de luz. Este candeeiro de parede branco tem uma entrada USB tipo A de 5 W e projecta uma luz quente e integrada.<\/p>\n","protected":false},"featured_media":67508,"comment_status":"open","ping_status":"closed","template":"","meta":[],"product_brand":[],"product_cat":[119],"product_tag":[228],"class_list":{"0":"post-67509","1":"product","2":"type-product","3":"status-publish","4":"has-post-thumbnail","6":"product_cat-parede","7":"product_tag-lao","10":"first","11":"instock","12":"shipping-taxable","13":"purchasable","14":"product-type-simple"},"_links":{"self":[{"href":"https:\/\/urboowhome.com\/index.php\/wp-json\/wp\/v2\/product\/67509","targetHints":{"allow":["GET"]}}],"collection":[{"href":"https:\/\/urboowhome.com\/index.php\/wp-json\/wp\/v2\/product"}],"about":[{"href":"https:\/\/urboowhome.com\/index.php\/wp-json\/wp\/v2\/types\/product"}],"replies":[{"embeddable":true,"href":"https:\/\/urboowhome.com\/index.php\/wp-json\/wp\/v2\/comments?post=67509"}],"wp:featuredmedia":[{"embeddable":true,"href":"https:\/\/urboowhome.com\/index.php\/wp-json\/wp\/v2\/media\/67508"}],"wp:attachment":[{"href":"https:\/\/urboowhome.com\/index.php\/wp-json\/wp\/v2\/media?parent=67509"}],"wp:term":[{"taxonomy":"product_brand","embeddable":true,"href":"https:\/\/urboowhome.com\/index.php\/wp-json\/wp\/v2\/product_brand?post=67509"},{"taxonomy":"product_cat","embeddable":true,"href":"https:\/\/urboowhome.com\/index.php\/wp-json\/wp\/v2\/product_cat?post=67509"},{"taxonomy":"product_tag","embeddable":true,"href":"https:\/\/urboowhome.com\/index.php\/wp-json\/wp\/v2\/product_tag?post=67509"}],"curies":[{"name":"wp","href":"https:\/\/api.w.org\/{rel}","templated":true}]}}