{"id":67516,"date":"2025-08-07T13:47:25","date_gmt":"2025-08-07T13:47:25","guid":{"rendered":"https:\/\/urboowfb.com\/index.php\/produto\/nash-370\/"},"modified":"2026-03-23T17:27:30","modified_gmt":"2026-03-23T17:27:30","slug":"nash-370","status":"publish","type":"product","link":"https:\/\/urboowhome.com\/index.php\/produto\/nash-370\/","title":{"rendered":"Nash 370"},"content":{"rendered":"","protected":false},"excerpt":{"rendered":"<p>O NASH 370 16W \u00e9 um candeeiro de parede preto para ilumina\u00e7\u00e3o interior com luz ascendente e descendente. Essa lumin\u00e1ria \u00e9 perfeita para iluminar corredores e salas de estar.<\/p>\n","protected":false},"featured_media":67515,"comment_status":"open","ping_status":"closed","template":"","meta":[],"product_brand":[],"product_cat":[119],"product_tag":[228],"class_list":{"0":"post-67516","1":"product","2":"type-product","3":"status-publish","4":"has-post-thumbnail","6":"product_cat-parede","7":"product_tag-lao","10":"first","11":"instock","12":"shipping-taxable","13":"purchasable","14":"product-type-simple"},"_links":{"self":[{"href":"https:\/\/urboowhome.com\/index.php\/wp-json\/wp\/v2\/product\/67516","targetHints":{"allow":["GET"]}}],"collection":[{"href":"https:\/\/urboowhome.com\/index.php\/wp-json\/wp\/v2\/product"}],"about":[{"href":"https:\/\/urboowhome.com\/index.php\/wp-json\/wp\/v2\/types\/product"}],"replies":[{"embeddable":true,"href":"https:\/\/urboowhome.com\/index.php\/wp-json\/wp\/v2\/comments?post=67516"}],"wp:featuredmedia":[{"embeddable":true,"href":"https:\/\/urboowhome.com\/index.php\/wp-json\/wp\/v2\/media\/67515"}],"wp:attachment":[{"href":"https:\/\/urboowhome.com\/index.php\/wp-json\/wp\/v2\/media?parent=67516"}],"wp:term":[{"taxonomy":"product_brand","embeddable":true,"href":"https:\/\/urboowhome.com\/index.php\/wp-json\/wp\/v2\/product_brand?post=67516"},{"taxonomy":"product_cat","embeddable":true,"href":"https:\/\/urboowhome.com\/index.php\/wp-json\/wp\/v2\/product_cat?post=67516"},{"taxonomy":"product_tag","embeddable":true,"href":"https:\/\/urboowhome.com\/index.php\/wp-json\/wp\/v2\/product_tag?post=67516"}],"curies":[{"name":"wp","href":"https:\/\/api.w.org\/{rel}","templated":true}]}}