{"id":67525,"date":"2025-08-07T13:47:32","date_gmt":"2025-08-07T13:47:32","guid":{"rendered":"https:\/\/urboowfb.com\/index.php\/produto\/form-6\/"},"modified":"2026-03-23T17:27:30","modified_gmt":"2026-03-23T17:27:30","slug":"form-6","status":"publish","type":"product","link":"https:\/\/urboowhome.com\/index.php\/produto\/form-6\/","title":{"rendered":"Form 6"},"content":{"rendered":"","protected":false},"excerpt":{"rendered":"<p>A s\u00e9rie FORM \u00e9 uma cole\u00e7\u00e3o de candeeiros de parede minimalistas que se destacam pelo seu design \u00fanico. A vers\u00e3o com abajur de vidro traz um ambiente \u00fanico ao ambiente. Estas l\u00e2mpadas t\u00eam uma forma extremamente simples, mas \u00fanicas e elegantes. S\u00e3o perfeitos para iluminar escadas, corredores, halls e como ilumina\u00e7\u00e3o atmosf\u00e9rica adicional na sala ou quarto. Gra\u00e7as \u00e0 sua simplicidade e formas cl\u00e1ssicas, adaptam-se perfeitamente a v\u00e1rios arranjos interiores. As lumin\u00e1rias de parede s\u00e3o feitas de metal com revestimento em p\u00f3. A s\u00e9rie FORM est\u00e1 dispon\u00edvel em preto em diversas variantes interessantes. Este \u00e9 um produto polon\u00eas que garante alta qualidade de acabamento.<\/p>\n","protected":false},"featured_media":67524,"comment_status":"open","ping_status":"closed","template":"","meta":[],"product_brand":[],"product_cat":[119],"product_tag":[230],"class_list":{"0":"post-67525","1":"product","2":"type-product","3":"status-publish","4":"has-post-thumbnail","6":"product_cat-parede","7":"product_tag-form","10":"first","11":"instock","12":"shipping-taxable","13":"purchasable","14":"product-type-simple"},"_links":{"self":[{"href":"https:\/\/urboowhome.com\/index.php\/wp-json\/wp\/v2\/product\/67525","targetHints":{"allow":["GET"]}}],"collection":[{"href":"https:\/\/urboowhome.com\/index.php\/wp-json\/wp\/v2\/product"}],"about":[{"href":"https:\/\/urboowhome.com\/index.php\/wp-json\/wp\/v2\/types\/product"}],"replies":[{"embeddable":true,"href":"https:\/\/urboowhome.com\/index.php\/wp-json\/wp\/v2\/comments?post=67525"}],"wp:featuredmedia":[{"embeddable":true,"href":"https:\/\/urboowhome.com\/index.php\/wp-json\/wp\/v2\/media\/67524"}],"wp:attachment":[{"href":"https:\/\/urboowhome.com\/index.php\/wp-json\/wp\/v2\/media?parent=67525"}],"wp:term":[{"taxonomy":"product_brand","embeddable":true,"href":"https:\/\/urboowhome.com\/index.php\/wp-json\/wp\/v2\/product_brand?post=67525"},{"taxonomy":"product_cat","embeddable":true,"href":"https:\/\/urboowhome.com\/index.php\/wp-json\/wp\/v2\/product_cat?post=67525"},{"taxonomy":"product_tag","embeddable":true,"href":"https:\/\/urboowhome.com\/index.php\/wp-json\/wp\/v2\/product_tag?post=67525"}],"curies":[{"name":"wp","href":"https:\/\/api.w.org\/{rel}","templated":true}]}}