{"id":67555,"date":"2025-08-07T13:48:04","date_gmt":"2025-08-07T13:48:04","guid":{"rendered":"https:\/\/urboowfb.com\/index.php\/produto\/alton-275\/"},"modified":"2026-03-23T17:27:31","modified_gmt":"2026-03-23T17:27:31","slug":"alton-275","status":"publish","type":"product","link":"https:\/\/urboowhome.com\/index.php\/produto\/alton-275\/","title":{"rendered":"Alton 27,5"},"content":{"rendered":"","protected":false},"excerpt":{"rendered":"<p>Em vidro fumado, a Alton cria uma bela coer\u00eancia entre o tampo preto e a forma arredondada, o que torna a s\u00e9rie extremamente elegante. O vidro fumado e as formas delicadas conferem \u00e0 luz um brilho suave e quente, resultando numa ilumina\u00e7\u00e3o agrad\u00e1vel. O vidro \u00e9 uma grande tend\u00eancia na decora\u00e7\u00e3o, e a combina\u00e7\u00e3o do vidro com o metal preto mate confere \u00e0 Alton um aspeto elegante.<\/p>\n<p>O candeeiro de p\u00e9 Alton \u00e9 de uma beleza excecional, combinando o vidro fumado moderno e o metal preto mate de uma forma altamente atraente. O design rigoroso torna o candeeiro de p\u00e9 uma escultura elegante em casa, onde uma luz suave e sem brilho flui para a divis\u00e3o e cria uma atmosfera acolhedora. Utilize uma l\u00e2mpada decorativa para tornar o candeeiro ainda mais bonito.<\/p>\n<p>O vidro deste candeeiro \u00e9 soprado \u00e0 boca e foi trabalhado individualmente \u00e0 m\u00e3o. Devido a este processo \u00fanico, podem aparecer bolhas de ar no vidro e a espessura do vidro tamb\u00e9m pode variar. Isto confere ao vidro o seu car\u00e1cter e apar\u00eancia v\u00edvida.<\/p>\n","protected":false},"featured_media":67554,"comment_status":"open","ping_status":"closed","template":"","meta":[],"product_brand":[],"product_cat":[129],"product_tag":[231],"class_list":{"0":"post-67555","1":"product","2":"type-product","3":"status-publish","4":"has-post-thumbnail","6":"product_cat-chao","7":"product_tag-alton","10":"first","11":"instock","12":"shipping-taxable","13":"purchasable","14":"product-type-simple"},"_links":{"self":[{"href":"https:\/\/urboowhome.com\/index.php\/wp-json\/wp\/v2\/product\/67555","targetHints":{"allow":["GET"]}}],"collection":[{"href":"https:\/\/urboowhome.com\/index.php\/wp-json\/wp\/v2\/product"}],"about":[{"href":"https:\/\/urboowhome.com\/index.php\/wp-json\/wp\/v2\/types\/product"}],"replies":[{"embeddable":true,"href":"https:\/\/urboowhome.com\/index.php\/wp-json\/wp\/v2\/comments?post=67555"}],"wp:featuredmedia":[{"embeddable":true,"href":"https:\/\/urboowhome.com\/index.php\/wp-json\/wp\/v2\/media\/67554"}],"wp:attachment":[{"href":"https:\/\/urboowhome.com\/index.php\/wp-json\/wp\/v2\/media?parent=67555"}],"wp:term":[{"taxonomy":"product_brand","embeddable":true,"href":"https:\/\/urboowhome.com\/index.php\/wp-json\/wp\/v2\/product_brand?post=67555"},{"taxonomy":"product_cat","embeddable":true,"href":"https:\/\/urboowhome.com\/index.php\/wp-json\/wp\/v2\/product_cat?post=67555"},{"taxonomy":"product_tag","embeddable":true,"href":"https:\/\/urboowhome.com\/index.php\/wp-json\/wp\/v2\/product_tag?post=67555"}],"curies":[{"name":"wp","href":"https:\/\/api.w.org\/{rel}","templated":true}]}}