{"id":67559,"date":"2025-08-07T13:48:10","date_gmt":"2025-08-07T13:48:10","guid":{"rendered":"https:\/\/urboowfb.com\/index.php\/produto\/clyde\/"},"modified":"2026-03-23T17:27:31","modified_gmt":"2026-03-23T17:27:31","slug":"clyde","status":"publish","type":"product","link":"https:\/\/urboowhome.com\/index.php\/produto\/clyde\/","title":{"rendered":"Clyde"},"content":{"rendered":"","protected":false},"excerpt":{"rendered":"<p>O design n\u00f3rdico elegante e a tecnologia inovadora s\u00e3o combinados da forma mais atraente na s\u00e9rie Clyde. O Clyde tem uma fun\u00e7\u00e3o Moodmaker\u2122 incorporada, que lhe permite ajustar a luz em tr\u00eas passos, de acordo com as necessidades e a situa\u00e7\u00e3o, a partir do seu interrutor de parede normal.<\/p>\n<p>O Clyde \u00e9 um bonito candeeiro de p\u00e9 funcional com duas cabe\u00e7as, em que a cabe\u00e7a da l\u00e2mpada no topo pode ser ajustada para cima e para baixo, conforme necess\u00e1rio. Este candeeiro de p\u00e9 \u00e9 perfeito junto ao sof\u00e1 ou \u00e0 sua cadeira favorita, pois proporciona uma boa luz de leitura, bem como uma ilumina\u00e7\u00e3o quente e acolhedora \u00e0 noite com a fun\u00e7\u00e3o Moodmaker\u2122 incorporada.<\/p>\n","protected":false},"featured_media":67558,"comment_status":"open","ping_status":"closed","template":"","meta":[],"product_brand":[],"product_cat":[129],"product_tag":[232],"class_list":{"0":"post-67559","1":"product","2":"type-product","3":"status-publish","4":"has-post-thumbnail","6":"product_cat-chao","7":"product_tag-clyde","10":"first","11":"instock","12":"shipping-taxable","13":"purchasable","14":"product-type-simple"},"_links":{"self":[{"href":"https:\/\/urboowhome.com\/index.php\/wp-json\/wp\/v2\/product\/67559","targetHints":{"allow":["GET"]}}],"collection":[{"href":"https:\/\/urboowhome.com\/index.php\/wp-json\/wp\/v2\/product"}],"about":[{"href":"https:\/\/urboowhome.com\/index.php\/wp-json\/wp\/v2\/types\/product"}],"replies":[{"embeddable":true,"href":"https:\/\/urboowhome.com\/index.php\/wp-json\/wp\/v2\/comments?post=67559"}],"wp:featuredmedia":[{"embeddable":true,"href":"https:\/\/urboowhome.com\/index.php\/wp-json\/wp\/v2\/media\/67558"}],"wp:attachment":[{"href":"https:\/\/urboowhome.com\/index.php\/wp-json\/wp\/v2\/media?parent=67559"}],"wp:term":[{"taxonomy":"product_brand","embeddable":true,"href":"https:\/\/urboowhome.com\/index.php\/wp-json\/wp\/v2\/product_brand?post=67559"},{"taxonomy":"product_cat","embeddable":true,"href":"https:\/\/urboowhome.com\/index.php\/wp-json\/wp\/v2\/product_cat?post=67559"},{"taxonomy":"product_tag","embeddable":true,"href":"https:\/\/urboowhome.com\/index.php\/wp-json\/wp\/v2\/product_tag?post=67559"}],"curies":[{"name":"wp","href":"https:\/\/api.w.org\/{rel}","templated":true}]}}