{"id":67573,"date":"2025-08-07T13:48:26","date_gmt":"2025-08-07T13:48:26","guid":{"rendered":"https:\/\/urboowfb.com\/index.php\/produto\/darci\/"},"modified":"2026-03-23T17:27:31","modified_gmt":"2026-03-23T17:27:31","slug":"darci","status":"publish","type":"product","link":"https:\/\/urboowhome.com\/index.php\/produto\/darci\/","title":{"rendered":"Darci"},"content":{"rendered":"","protected":false},"excerpt":{"rendered":"<p>Com um design industrial e fresco, a s\u00e9rie Darci da Bj\u00f8rn + Balle \u00e9 um complemento altamente funcional e est\u00e9tico para a sua casa. Perfeita junto ao sof\u00e1, ao cadeir\u00e3o ou a qualquer outro local da sua casa que necessite de uma luz elegante e funcional. A cabe\u00e7a do candeeiro, com uma bela curvatura, \u00e9 facilmente ajust\u00e1vel, quer seja para ler, trabalhar ou apenas para dar o ambiente certo \u00e0 divis\u00e3o. Os materiais de alta qualidade com uma superf\u00edcie acetinada, macia e mate irradiam um aspeto moderno e elegante.<\/p>\n","protected":false},"featured_media":67572,"comment_status":"open","ping_status":"closed","template":"","meta":[],"product_brand":[],"product_cat":[129],"product_tag":[232],"class_list":{"0":"post-67573","1":"product","2":"type-product","3":"status-publish","4":"has-post-thumbnail","6":"product_cat-chao","7":"product_tag-clyde","10":"first","11":"instock","12":"shipping-taxable","13":"purchasable","14":"product-type-simple"},"_links":{"self":[{"href":"https:\/\/urboowhome.com\/index.php\/wp-json\/wp\/v2\/product\/67573","targetHints":{"allow":["GET"]}}],"collection":[{"href":"https:\/\/urboowhome.com\/index.php\/wp-json\/wp\/v2\/product"}],"about":[{"href":"https:\/\/urboowhome.com\/index.php\/wp-json\/wp\/v2\/types\/product"}],"replies":[{"embeddable":true,"href":"https:\/\/urboowhome.com\/index.php\/wp-json\/wp\/v2\/comments?post=67573"}],"wp:featuredmedia":[{"embeddable":true,"href":"https:\/\/urboowhome.com\/index.php\/wp-json\/wp\/v2\/media\/67572"}],"wp:attachment":[{"href":"https:\/\/urboowhome.com\/index.php\/wp-json\/wp\/v2\/media?parent=67573"}],"wp:term":[{"taxonomy":"product_brand","embeddable":true,"href":"https:\/\/urboowhome.com\/index.php\/wp-json\/wp\/v2\/product_brand?post=67573"},{"taxonomy":"product_cat","embeddable":true,"href":"https:\/\/urboowhome.com\/index.php\/wp-json\/wp\/v2\/product_cat?post=67573"},{"taxonomy":"product_tag","embeddable":true,"href":"https:\/\/urboowhome.com\/index.php\/wp-json\/wp\/v2\/product_tag?post=67573"}],"curies":[{"name":"wp","href":"https:\/\/api.w.org\/{rel}","templated":true}]}}