{"id":67585,"date":"2025-08-07T13:48:45","date_gmt":"2025-08-07T13:48:45","guid":{"rendered":"https:\/\/urboowfb.com\/index.php\/produto\/mib-6-6\/"},"modified":"2026-03-23T17:27:31","modified_gmt":"2026-03-23T17:27:31","slug":"mib-6-6","status":"publish","type":"product","link":"https:\/\/urboowhome.com\/index.php\/produto\/mib-6-6\/","title":{"rendered":"MIB 6"},"content":{"rendered":"","protected":false},"excerpt":{"rendered":"<p>A s\u00e9rie minimalista MIB est\u00e1 impregnada de eleg\u00e2ncia n\u00f3rdica e apresenta uma excelente facilidade de utiliza\u00e7\u00e3o. A MIB convida-o a colocar um foco de luz na vida. A cabe\u00e7a de l\u00e2mpada fina e ajust\u00e1vel emite uma luz precisa e direcional. O MIB fica bem sozinho, mas tamb\u00e9m se colocar mais candeeiros juntos e fizer uma declara\u00e7\u00e3o com luz. Concebido por B\u00f8nnelycke mdd<\/p>\n","protected":false},"featured_media":67584,"comment_status":"open","ping_status":"closed","template":"","meta":[],"product_brand":[],"product_cat":[129],"product_tag":[],"class_list":{"0":"post-67585","1":"product","2":"type-product","3":"status-publish","4":"has-post-thumbnail","6":"product_cat-chao","9":"first","10":"instock","11":"featured","12":"shipping-taxable","13":"purchasable","14":"product-type-simple"},"_links":{"self":[{"href":"https:\/\/urboowhome.com\/index.php\/wp-json\/wp\/v2\/product\/67585","targetHints":{"allow":["GET"]}}],"collection":[{"href":"https:\/\/urboowhome.com\/index.php\/wp-json\/wp\/v2\/product"}],"about":[{"href":"https:\/\/urboowhome.com\/index.php\/wp-json\/wp\/v2\/types\/product"}],"replies":[{"embeddable":true,"href":"https:\/\/urboowhome.com\/index.php\/wp-json\/wp\/v2\/comments?post=67585"}],"wp:featuredmedia":[{"embeddable":true,"href":"https:\/\/urboowhome.com\/index.php\/wp-json\/wp\/v2\/media\/67584"}],"wp:attachment":[{"href":"https:\/\/urboowhome.com\/index.php\/wp-json\/wp\/v2\/media?parent=67585"}],"wp:term":[{"taxonomy":"product_brand","embeddable":true,"href":"https:\/\/urboowhome.com\/index.php\/wp-json\/wp\/v2\/product_brand?post=67585"},{"taxonomy":"product_cat","embeddable":true,"href":"https:\/\/urboowhome.com\/index.php\/wp-json\/wp\/v2\/product_cat?post=67585"},{"taxonomy":"product_tag","embeddable":true,"href":"https:\/\/urboowhome.com\/index.php\/wp-json\/wp\/v2\/product_tag?post=67585"}],"curies":[{"name":"wp","href":"https:\/\/api.w.org\/{rel}","templated":true}]}}