{"id":67635,"date":"2025-08-07T13:50:05","date_gmt":"2025-08-07T13:50:05","guid":{"rendered":"https:\/\/urboowfb.com\/index.php\/produto\/pure-7\/"},"modified":"2026-03-23T17:27:31","modified_gmt":"2026-03-23T17:27:31","slug":"pure-7","status":"publish","type":"product","link":"https:\/\/urboowhome.com\/index.php\/produto\/pure-7\/","title":{"rendered":"Pure"},"content":{"rendered":"","protected":false},"excerpt":{"rendered":"<p>Simples e com muito estilo! Quer se trate de um estilo de mobili\u00e1rio simples e direto ou de algo mais l\u00fadico &#8211; os candeeiros da gama PURE proporcionam acentos decorativos simples para dar um toque de eleg\u00e2ncia a qualquer visual. O candeeiro de p\u00e9 tem uma altura de 150 cm, pode ser posicionado de forma f\u00e1cil e flex\u00edvel e d\u00e1 um toque de ilumina\u00e7\u00e3o e estilo ao interior. Pode ser ligado e desligado de forma c\u00f3moda atrav\u00e9s de um interrutor de p\u00e9. O design purista e minimalista da PURE \u00e9 uma mistura de um sofisticado aspeto met\u00e1lico em lat\u00e3o mate e vidro opalino branco. A utiliza\u00e7\u00e3o de fontes de luz LED \u00e9 recomendada para uma ilumina\u00e7\u00e3o economizadora de energia. Estas s\u00e3o uma alternativa ideal \u00e0s fontes de luz de halog\u00e9neo convencionais e oferecem uma elevada qualidade de luz e uma poupan\u00e7a de energia at\u00e9 80%. Com as fontes de luz LED, tamb\u00e9m beneficia de uma longa vida \u00fatil e de uma baixa produ\u00e7\u00e3o de calor, protegendo o ambiente.<\/p>\n","protected":false},"featured_media":67634,"comment_status":"open","ping_status":"closed","template":"","meta":[],"product_brand":[],"product_cat":[129],"product_tag":[],"class_list":{"0":"post-67635","1":"product","2":"type-product","3":"status-publish","4":"has-post-thumbnail","6":"product_cat-chao","9":"first","10":"instock","11":"featured","12":"shipping-taxable","13":"purchasable","14":"product-type-simple"},"_links":{"self":[{"href":"https:\/\/urboowhome.com\/index.php\/wp-json\/wp\/v2\/product\/67635","targetHints":{"allow":["GET"]}}],"collection":[{"href":"https:\/\/urboowhome.com\/index.php\/wp-json\/wp\/v2\/product"}],"about":[{"href":"https:\/\/urboowhome.com\/index.php\/wp-json\/wp\/v2\/types\/product"}],"replies":[{"embeddable":true,"href":"https:\/\/urboowhome.com\/index.php\/wp-json\/wp\/v2\/comments?post=67635"}],"wp:featuredmedia":[{"embeddable":true,"href":"https:\/\/urboowhome.com\/index.php\/wp-json\/wp\/v2\/media\/67634"}],"wp:attachment":[{"href":"https:\/\/urboowhome.com\/index.php\/wp-json\/wp\/v2\/media?parent=67635"}],"wp:term":[{"taxonomy":"product_brand","embeddable":true,"href":"https:\/\/urboowhome.com\/index.php\/wp-json\/wp\/v2\/product_brand?post=67635"},{"taxonomy":"product_cat","embeddable":true,"href":"https:\/\/urboowhome.com\/index.php\/wp-json\/wp\/v2\/product_cat?post=67635"},{"taxonomy":"product_tag","embeddable":true,"href":"https:\/\/urboowhome.com\/index.php\/wp-json\/wp\/v2\/product_tag?post=67635"}],"curies":[{"name":"wp","href":"https:\/\/api.w.org\/{rel}","templated":true}]}}