{"id":67661,"date":"2025-08-07T13:50:45","date_gmt":"2025-08-07T13:50:45","guid":{"rendered":"https:\/\/urboowfb.com\/index.php\/produto\/robby-2\/"},"modified":"2026-03-23T17:27:31","modified_gmt":"2026-03-23T17:27:31","slug":"robby-2","status":"publish","type":"product","link":"https:\/\/urboowhome.com\/index.php\/produto\/robby-2\/","title":{"rendered":"Robby"},"content":{"rendered":"","protected":false},"excerpt":{"rendered":"<p>Este candeeiro de p\u00e9 com 154 cm de altura da s\u00e9rie Robby \u00e9 um complemento maravilhoso para os seus interiores. Fabricado em metal preto mate, o candeeiro de p\u00e9 \u00e9 composto por uma base redonda em metal, \u00e0 qual est\u00e1 fixada uma haste com tr\u00eas casquilhos GU10 girat\u00f3rios em metal. Estes podem ser equipados com l\u00e2mpadas LED \u00e0 sua escolha, o que lhe d\u00e1 a oportunidade de determinar individualmente a cor e o brilho da luz. Al\u00e9m disso, possui um interrutor inclu\u00eddo com o qual a lumin\u00e1ria pode ser ligada e desligada de forma c\u00f3moda. Com outros modelos da mesma s\u00e9rie, pode completar o quadro geral nas suas quatro paredes.<\/p>\n","protected":false},"featured_media":67660,"comment_status":"open","ping_status":"closed","template":"","meta":[],"product_brand":[],"product_cat":[129],"product_tag":[179],"class_list":{"0":"post-67661","1":"product","2":"type-product","3":"status-publish","4":"has-post-thumbnail","6":"product_cat-chao","7":"product_tag-riha","10":"first","11":"instock","12":"featured","13":"shipping-taxable","14":"purchasable","15":"product-type-simple"},"_links":{"self":[{"href":"https:\/\/urboowhome.com\/index.php\/wp-json\/wp\/v2\/product\/67661","targetHints":{"allow":["GET"]}}],"collection":[{"href":"https:\/\/urboowhome.com\/index.php\/wp-json\/wp\/v2\/product"}],"about":[{"href":"https:\/\/urboowhome.com\/index.php\/wp-json\/wp\/v2\/types\/product"}],"replies":[{"embeddable":true,"href":"https:\/\/urboowhome.com\/index.php\/wp-json\/wp\/v2\/comments?post=67661"}],"wp:featuredmedia":[{"embeddable":true,"href":"https:\/\/urboowhome.com\/index.php\/wp-json\/wp\/v2\/media\/67660"}],"wp:attachment":[{"href":"https:\/\/urboowhome.com\/index.php\/wp-json\/wp\/v2\/media?parent=67661"}],"wp:term":[{"taxonomy":"product_brand","embeddable":true,"href":"https:\/\/urboowhome.com\/index.php\/wp-json\/wp\/v2\/product_brand?post=67661"},{"taxonomy":"product_cat","embeddable":true,"href":"https:\/\/urboowhome.com\/index.php\/wp-json\/wp\/v2\/product_cat?post=67661"},{"taxonomy":"product_tag","embeddable":true,"href":"https:\/\/urboowhome.com\/index.php\/wp-json\/wp\/v2\/product_tag?post=67661"}],"curies":[{"name":"wp","href":"https:\/\/api.w.org\/{rel}","templated":true}]}}