{"id":67666,"date":"2025-08-07T13:50:53","date_gmt":"2025-08-07T13:50:53","guid":{"rendered":"https:\/\/urboowfb.com\/index.php\/produto\/blacky-i-5\/"},"modified":"2026-03-23T17:27:32","modified_gmt":"2026-03-23T17:27:32","slug":"blacky-i-5","status":"publish","type":"product","link":"https:\/\/urboowhome.com\/index.php\/produto\/blacky-i-5\/","title":{"rendered":"Blacky I"},"content":{"rendered":"","protected":false},"excerpt":{"rendered":"<p>, e tamb\u00e9m tem uma haste met\u00e1lica cor de musselina. Na parte superior, tem um abajur redondo em vidro fumado (\u00f8 30 cm), que pode ser equipado com uma l\u00e2mpada E27 \u00e0 sua escolha. Isto d\u00e1-lhe a oportunidade de determinar a cor da luz e o brilho de acordo com as suas ideias. Al\u00e9m disso, o cabo de 180 cm de comprimento est\u00e1 equipado com um interrutor inclu\u00eddo, com o qual pode ligar e desligar convenientemente o candeeiro de p\u00e9. Com outros modelos da mesma s\u00e9rie, pode criar um ambiente elegante nas suas quatro paredes e completar o quadro geral.<\/p>\n","protected":false},"featured_media":67665,"comment_status":"open","ping_status":"closed","template":"","meta":[],"product_brand":[],"product_cat":[129],"product_tag":[179],"class_list":{"0":"post-67666","1":"product","2":"type-product","3":"status-publish","4":"has-post-thumbnail","6":"product_cat-chao","7":"product_tag-riha","10":"first","11":"instock","12":"featured","13":"shipping-taxable","14":"purchasable","15":"product-type-simple"},"_links":{"self":[{"href":"https:\/\/urboowhome.com\/index.php\/wp-json\/wp\/v2\/product\/67666","targetHints":{"allow":["GET"]}}],"collection":[{"href":"https:\/\/urboowhome.com\/index.php\/wp-json\/wp\/v2\/product"}],"about":[{"href":"https:\/\/urboowhome.com\/index.php\/wp-json\/wp\/v2\/types\/product"}],"replies":[{"embeddable":true,"href":"https:\/\/urboowhome.com\/index.php\/wp-json\/wp\/v2\/comments?post=67666"}],"wp:featuredmedia":[{"embeddable":true,"href":"https:\/\/urboowhome.com\/index.php\/wp-json\/wp\/v2\/media\/67665"}],"wp:attachment":[{"href":"https:\/\/urboowhome.com\/index.php\/wp-json\/wp\/v2\/media?parent=67666"}],"wp:term":[{"taxonomy":"product_brand","embeddable":true,"href":"https:\/\/urboowhome.com\/index.php\/wp-json\/wp\/v2\/product_brand?post=67666"},{"taxonomy":"product_cat","embeddable":true,"href":"https:\/\/urboowhome.com\/index.php\/wp-json\/wp\/v2\/product_cat?post=67666"},{"taxonomy":"product_tag","embeddable":true,"href":"https:\/\/urboowhome.com\/index.php\/wp-json\/wp\/v2\/product_tag?post=67666"}],"curies":[{"name":"wp","href":"https:\/\/api.w.org\/{rel}","templated":true}]}}