{"id":67672,"date":"2025-08-07T13:51:03","date_gmt":"2025-08-07T13:51:03","guid":{"rendered":"https:\/\/urboowfb.com\/index.php\/produto\/blacky\/"},"modified":"2026-03-23T17:27:32","modified_gmt":"2026-03-23T17:27:32","slug":"blacky","status":"publish","type":"product","link":"https:\/\/urboowhome.com\/index.php\/produto\/blacky\/","title":{"rendered":"Blacky"},"content":{"rendered":"","protected":false},"excerpt":{"rendered":"<p>Este candeeiro de p\u00e9 BLACKY \u00e9 feito de metal preto com um vidro cor de fumo (\u00d8 30 cm). O vidro \u00e9 individual na sua apresenta\u00e7\u00e3o. Este candeeiro de 160 cm de altura, incluindo interrutor, tem um casquilho E27 (m\u00e1x. 60 watts), que permite uma escolha livre da l\u00e2mpada. Devido \u00e0 sua longevidade e poupan\u00e7a de energia, recomendamos as l\u00e2mpadas LED. Esta lumin\u00e1ria de interior \u00e9 ideal para a sua sala de estar, sala de jantar e corredor.<\/p>\n","protected":false},"featured_media":67671,"comment_status":"open","ping_status":"closed","template":"","meta":[],"product_brand":[],"product_cat":[129],"product_tag":[177],"class_list":{"0":"post-67672","1":"product","2":"type-product","3":"status-publish","4":"has-post-thumbnail","6":"product_cat-chao","7":"product_tag-blacky","10":"first","11":"instock","12":"featured","13":"shipping-taxable","14":"purchasable","15":"product-type-simple"},"_links":{"self":[{"href":"https:\/\/urboowhome.com\/index.php\/wp-json\/wp\/v2\/product\/67672","targetHints":{"allow":["GET"]}}],"collection":[{"href":"https:\/\/urboowhome.com\/index.php\/wp-json\/wp\/v2\/product"}],"about":[{"href":"https:\/\/urboowhome.com\/index.php\/wp-json\/wp\/v2\/types\/product"}],"replies":[{"embeddable":true,"href":"https:\/\/urboowhome.com\/index.php\/wp-json\/wp\/v2\/comments?post=67672"}],"wp:featuredmedia":[{"embeddable":true,"href":"https:\/\/urboowhome.com\/index.php\/wp-json\/wp\/v2\/media\/67671"}],"wp:attachment":[{"href":"https:\/\/urboowhome.com\/index.php\/wp-json\/wp\/v2\/media?parent=67672"}],"wp:term":[{"taxonomy":"product_brand","embeddable":true,"href":"https:\/\/urboowhome.com\/index.php\/wp-json\/wp\/v2\/product_brand?post=67672"},{"taxonomy":"product_cat","embeddable":true,"href":"https:\/\/urboowhome.com\/index.php\/wp-json\/wp\/v2\/product_cat?post=67672"},{"taxonomy":"product_tag","embeddable":true,"href":"https:\/\/urboowhome.com\/index.php\/wp-json\/wp\/v2\/product_tag?post=67672"}],"curies":[{"name":"wp","href":"https:\/\/api.w.org\/{rel}","templated":true}]}}