{"id":67677,"date":"2025-08-07T13:51:11","date_gmt":"2025-08-07T13:51:11","guid":{"rendered":"https:\/\/urboowfb.com\/index.php\/produto\/whizz\/"},"modified":"2026-03-23T17:27:32","modified_gmt":"2026-03-23T17:27:32","slug":"whizz","status":"publish","type":"product","link":"https:\/\/urboowhome.com\/index.php\/produto\/whizz\/","title":{"rendered":"Whizz"},"content":{"rendered":"","protected":false},"excerpt":{"rendered":"<p>WHIZZ \u00e9 uma fam\u00edlia de lumin\u00e1rias de design criada por Christoph Friedrich Wagner, que inclui acabamentos modernos, como a combina\u00e7\u00e3o de preto e dourado. Este candeeiro de p\u00e9 para sala de estar \u00e9 perfeito para projectos de ilumina\u00e7\u00e3o interior.<\/p>\n","protected":false},"featured_media":67676,"comment_status":"open","ping_status":"closed","template":"","meta":[],"product_brand":[],"product_cat":[129],"product_tag":[234],"class_list":{"0":"post-67677","1":"product","2":"type-product","3":"status-publish","4":"has-post-thumbnail","6":"product_cat-chao","7":"product_tag-whizz","10":"first","11":"instock","12":"featured","13":"shipping-taxable","14":"purchasable","15":"product-type-simple"},"_links":{"self":[{"href":"https:\/\/urboowhome.com\/index.php\/wp-json\/wp\/v2\/product\/67677","targetHints":{"allow":["GET"]}}],"collection":[{"href":"https:\/\/urboowhome.com\/index.php\/wp-json\/wp\/v2\/product"}],"about":[{"href":"https:\/\/urboowhome.com\/index.php\/wp-json\/wp\/v2\/types\/product"}],"replies":[{"embeddable":true,"href":"https:\/\/urboowhome.com\/index.php\/wp-json\/wp\/v2\/comments?post=67677"}],"wp:featuredmedia":[{"embeddable":true,"href":"https:\/\/urboowhome.com\/index.php\/wp-json\/wp\/v2\/media\/67676"}],"wp:attachment":[{"href":"https:\/\/urboowhome.com\/index.php\/wp-json\/wp\/v2\/media?parent=67677"}],"wp:term":[{"taxonomy":"product_brand","embeddable":true,"href":"https:\/\/urboowhome.com\/index.php\/wp-json\/wp\/v2\/product_brand?post=67677"},{"taxonomy":"product_cat","embeddable":true,"href":"https:\/\/urboowhome.com\/index.php\/wp-json\/wp\/v2\/product_cat?post=67677"},{"taxonomy":"product_tag","embeddable":true,"href":"https:\/\/urboowhome.com\/index.php\/wp-json\/wp\/v2\/product_tag?post=67677"}],"curies":[{"name":"wp","href":"https:\/\/api.w.org\/{rel}","templated":true}]}}