{"id":67691,"date":"2025-08-07T13:51:32","date_gmt":"2025-08-07T13:51:32","guid":{"rendered":"https:\/\/urboowfb.com\/index.php\/produto\/aston\/"},"modified":"2026-03-23T17:27:33","modified_gmt":"2026-03-23T17:27:33","slug":"aston","status":"publish","type":"product","link":"https:\/\/urboowhome.com\/index.php\/produto\/aston\/","title":{"rendered":"Aston"},"content":{"rendered":"","protected":false},"excerpt":{"rendered":"<p>A simplicidade e o minimalismo da lumin\u00e1ria ASTON a tornam universal e adequada para praticamente qualquer estilo de interior. Um lindo abajur grande atrair\u00e1 a aten\u00e7\u00e3o de todos os convidados.<\/p>\n","protected":false},"featured_media":67690,"comment_status":"open","ping_status":"closed","template":"","meta":[],"product_brand":[],"product_cat":[129],"product_tag":[],"class_list":{"0":"post-67691","1":"product","2":"type-product","3":"status-publish","4":"has-post-thumbnail","6":"product_cat-chao","9":"first","10":"instock","11":"shipping-taxable","12":"purchasable","13":"product-type-simple"},"_links":{"self":[{"href":"https:\/\/urboowhome.com\/index.php\/wp-json\/wp\/v2\/product\/67691","targetHints":{"allow":["GET"]}}],"collection":[{"href":"https:\/\/urboowhome.com\/index.php\/wp-json\/wp\/v2\/product"}],"about":[{"href":"https:\/\/urboowhome.com\/index.php\/wp-json\/wp\/v2\/types\/product"}],"replies":[{"embeddable":true,"href":"https:\/\/urboowhome.com\/index.php\/wp-json\/wp\/v2\/comments?post=67691"}],"wp:featuredmedia":[{"embeddable":true,"href":"https:\/\/urboowhome.com\/index.php\/wp-json\/wp\/v2\/media\/67690"}],"wp:attachment":[{"href":"https:\/\/urboowhome.com\/index.php\/wp-json\/wp\/v2\/media?parent=67691"}],"wp:term":[{"taxonomy":"product_brand","embeddable":true,"href":"https:\/\/urboowhome.com\/index.php\/wp-json\/wp\/v2\/product_brand?post=67691"},{"taxonomy":"product_cat","embeddable":true,"href":"https:\/\/urboowhome.com\/index.php\/wp-json\/wp\/v2\/product_cat?post=67691"},{"taxonomy":"product_tag","embeddable":true,"href":"https:\/\/urboowhome.com\/index.php\/wp-json\/wp\/v2\/product_tag?post=67691"}],"curies":[{"name":"wp","href":"https:\/\/api.w.org\/{rel}","templated":true}]}}