{"id":67719,"date":"2025-08-07T13:52:16","date_gmt":"2025-08-07T13:52:16","guid":{"rendered":"https:\/\/urboowfb.com\/index.php\/produto\/hunter\/"},"modified":"2026-03-23T17:27:33","modified_gmt":"2026-03-23T17:27:33","slug":"hunter","status":"publish","type":"product","link":"https:\/\/urboowhome.com\/index.php\/produto\/hunter\/","title":{"rendered":"Hunter"},"content":{"rendered":"","protected":false},"excerpt":{"rendered":"<p>HUNTER &#8211; uma s\u00e9rie campe\u00e3 de vendas de lumin\u00e1rias de teto modernas, ideais tanto para interiores modernistas quanto para os mais tradicionais. Fica \u00f3timo sobre uma mesa ou ilha, criando uma atmosfera \u00fanica. Delicadas c\u00fapulas de vidro acrescentam eleg\u00e2ncia e leveza. O formato minimalista das lumin\u00e1rias HUNTER ilumina perfeitamente grandes superf\u00edcies e combina perfeitamente com diversos arranjos. O design original atrai a aten\u00e7\u00e3o e tem um visual elegante. Feito com materiais da mais alta qualidade. Produto polon\u00eas. Dispon\u00edvel em vers\u00f5es para 2, 4 ou 6 fontes de luz.<\/p>\n","protected":false},"featured_media":67718,"comment_status":"open","ping_status":"closed","template":"","meta":[],"product_brand":[],"product_cat":[129],"product_tag":[],"class_list":{"0":"post-67719","1":"product","2":"type-product","3":"status-publish","4":"has-post-thumbnail","6":"product_cat-chao","9":"first","10":"instock","11":"shipping-taxable","12":"purchasable","13":"product-type-simple"},"_links":{"self":[{"href":"https:\/\/urboowhome.com\/index.php\/wp-json\/wp\/v2\/product\/67719","targetHints":{"allow":["GET"]}}],"collection":[{"href":"https:\/\/urboowhome.com\/index.php\/wp-json\/wp\/v2\/product"}],"about":[{"href":"https:\/\/urboowhome.com\/index.php\/wp-json\/wp\/v2\/types\/product"}],"replies":[{"embeddable":true,"href":"https:\/\/urboowhome.com\/index.php\/wp-json\/wp\/v2\/comments?post=67719"}],"wp:featuredmedia":[{"embeddable":true,"href":"https:\/\/urboowhome.com\/index.php\/wp-json\/wp\/v2\/media\/67718"}],"wp:attachment":[{"href":"https:\/\/urboowhome.com\/index.php\/wp-json\/wp\/v2\/media?parent=67719"}],"wp:term":[{"taxonomy":"product_brand","embeddable":true,"href":"https:\/\/urboowhome.com\/index.php\/wp-json\/wp\/v2\/product_brand?post=67719"},{"taxonomy":"product_cat","embeddable":true,"href":"https:\/\/urboowhome.com\/index.php\/wp-json\/wp\/v2\/product_cat?post=67719"},{"taxonomy":"product_tag","embeddable":true,"href":"https:\/\/urboowhome.com\/index.php\/wp-json\/wp\/v2\/product_tag?post=67719"}],"curies":[{"name":"wp","href":"https:\/\/api.w.org\/{rel}","templated":true}]}}