{"id":67722,"date":"2025-08-07T13:52:20","date_gmt":"2025-08-07T13:52:20","guid":{"rendered":"https:\/\/urboowfb.com\/index.php\/produto\/bari\/"},"modified":"2026-03-23T17:27:33","modified_gmt":"2026-03-23T17:27:33","slug":"bari","status":"publish","type":"product","link":"https:\/\/urboowhome.com\/index.php\/produto\/bari\/","title":{"rendered":"Bari"},"content":{"rendered":"","protected":false},"excerpt":{"rendered":"<p>O candeeiro de ch\u00e3o BARI em estilo escandinavo moderno \u00e9 uma combina\u00e7\u00e3o elegante de funcionalidade e design minimalista. A sua forma elegante e simples\u00a0 encaixa perfeitamente na est\u00e9tica do design escandinavo, atraindo a aten\u00e7\u00e3o com o seu design original. O abajur possui uma prateleira pr\u00e1tica que permite guardar bugigangas, livros ou decora\u00e7\u00f5es, o que o torna n\u00e3o apenas bonito, mas tamb\u00e9m extremamente criativo. Materiais da mais alta qualidade garantem durabilidade e funcionalidade duradoura.<\/p>\n","protected":false},"featured_media":67721,"comment_status":"open","ping_status":"closed","template":"","meta":[],"product_brand":[],"product_cat":[129],"product_tag":[],"class_list":{"0":"post-67722","1":"product","2":"type-product","3":"status-publish","4":"has-post-thumbnail","6":"product_cat-chao","9":"first","10":"instock","11":"shipping-taxable","12":"purchasable","13":"product-type-simple"},"_links":{"self":[{"href":"https:\/\/urboowhome.com\/index.php\/wp-json\/wp\/v2\/product\/67722","targetHints":{"allow":["GET"]}}],"collection":[{"href":"https:\/\/urboowhome.com\/index.php\/wp-json\/wp\/v2\/product"}],"about":[{"href":"https:\/\/urboowhome.com\/index.php\/wp-json\/wp\/v2\/types\/product"}],"replies":[{"embeddable":true,"href":"https:\/\/urboowhome.com\/index.php\/wp-json\/wp\/v2\/comments?post=67722"}],"wp:featuredmedia":[{"embeddable":true,"href":"https:\/\/urboowhome.com\/index.php\/wp-json\/wp\/v2\/media\/67721"}],"wp:attachment":[{"href":"https:\/\/urboowhome.com\/index.php\/wp-json\/wp\/v2\/media?parent=67722"}],"wp:term":[{"taxonomy":"product_brand","embeddable":true,"href":"https:\/\/urboowhome.com\/index.php\/wp-json\/wp\/v2\/product_brand?post=67722"},{"taxonomy":"product_cat","embeddable":true,"href":"https:\/\/urboowhome.com\/index.php\/wp-json\/wp\/v2\/product_cat?post=67722"},{"taxonomy":"product_tag","embeddable":true,"href":"https:\/\/urboowhome.com\/index.php\/wp-json\/wp\/v2\/product_tag?post=67722"}],"curies":[{"name":"wp","href":"https:\/\/api.w.org\/{rel}","templated":true}]}}