{"id":67738,"date":"2025-08-07T13:52:45","date_gmt":"2025-08-07T13:52:45","guid":{"rendered":"https:\/\/urboowfb.com\/index.php\/produto\/kaito-2-pro-30\/"},"modified":"2026-03-23T17:27:33","modified_gmt":"2026-03-23T17:27:33","slug":"kaito-2-pro-30","status":"publish","type":"product","link":"https:\/\/urboowhome.com\/index.php\/produto\/kaito-2-pro-30\/","title":{"rendered":"Kaito 2 Pro 30"},"content":{"rendered":"","protected":false},"excerpt":{"rendered":"<p>Com a Kaito Pro, a B\u00f8nnelycke MDD criou uma lumin\u00e1ria de teto que rompe com a tradi\u00e7\u00e3o. Uma lumin\u00e1ria de teto onde o design e a inova\u00e7\u00e3o se fundem em algo maior. A forma destaca-se como n\u00edtida, moderna e como uma superf\u00edcie uniforme e luminosa. A junta kip funcional, feita de lat\u00e3o, acrescenta uma superioridade elegante ao design. Painel LED fixo de 24W.<\/p>\n","protected":false},"featured_media":67737,"comment_status":"open","ping_status":"closed","template":"","meta":[],"product_brand":[],"product_cat":[138],"product_tag":[],"class_list":{"0":"post-67738","1":"product","2":"type-product","3":"status-publish","4":"has-post-thumbnail","6":"product_cat-teto","9":"first","10":"instock","11":"shipping-taxable","12":"purchasable","13":"product-type-simple"},"_links":{"self":[{"href":"https:\/\/urboowhome.com\/index.php\/wp-json\/wp\/v2\/product\/67738","targetHints":{"allow":["GET"]}}],"collection":[{"href":"https:\/\/urboowhome.com\/index.php\/wp-json\/wp\/v2\/product"}],"about":[{"href":"https:\/\/urboowhome.com\/index.php\/wp-json\/wp\/v2\/types\/product"}],"replies":[{"embeddable":true,"href":"https:\/\/urboowhome.com\/index.php\/wp-json\/wp\/v2\/comments?post=67738"}],"wp:featuredmedia":[{"embeddable":true,"href":"https:\/\/urboowhome.com\/index.php\/wp-json\/wp\/v2\/media\/67737"}],"wp:attachment":[{"href":"https:\/\/urboowhome.com\/index.php\/wp-json\/wp\/v2\/media?parent=67738"}],"wp:term":[{"taxonomy":"product_brand","embeddable":true,"href":"https:\/\/urboowhome.com\/index.php\/wp-json\/wp\/v2\/product_brand?post=67738"},{"taxonomy":"product_cat","embeddable":true,"href":"https:\/\/urboowhome.com\/index.php\/wp-json\/wp\/v2\/product_cat?post=67738"},{"taxonomy":"product_tag","embeddable":true,"href":"https:\/\/urboowhome.com\/index.php\/wp-json\/wp\/v2\/product_tag?post=67738"}],"curies":[{"name":"wp","href":"https:\/\/api.w.org\/{rel}","templated":true}]}}