{"id":67791,"date":"2025-08-07T13:53:42","date_gmt":"2025-08-07T13:53:42","guid":{"rendered":"https:\/\/urboowfb.com\/index.php\/produto\/chapeau-4\/"},"modified":"2026-03-23T17:27:33","modified_gmt":"2026-03-23T17:27:33","slug":"chapeau-4","status":"publish","type":"product","link":"https:\/\/urboowhome.com\/index.php\/produto\/chapeau-4\/","title":{"rendered":"Chapeau"},"content":{"rendered":"","protected":false},"excerpt":{"rendered":"<p>Requinte curvil\u00edneo e uma afirma\u00e7\u00e3o fresca com o candeeiro de teto CHAPEAU! Com a sua estrutura met\u00e1lica decorativa, o candeeiro complementa na perfei\u00e7\u00e3o qualquer sala de estar ou quarto e confere uma leveza especial ao seu teto com a sua delicada intera\u00e7\u00e3o de luz e sombra. A caixa met\u00e1lica da lumin\u00e1ria tem um design preto mate e, por isso, combina perfeitamente com v\u00e1rios estilos de mobili\u00e1rio. A utiliza\u00e7\u00e3o de fontes de luz LED \u00e9 recomendada para uma ilumina\u00e7\u00e3o economizadora de energia. Estas s\u00e3o uma alternativa ideal \u00e0s fontes de luz de halog\u00e9neo convencionais e oferecem uma elevada qualidade de luz e uma poupan\u00e7a de energia at\u00e9 80%. Com as fontes de luz LED, tamb\u00e9m beneficia de uma longa vida \u00fatil e de uma baixa produ\u00e7\u00e3o de calor, protegendo o ambiente.<\/p>\n","protected":false},"featured_media":67790,"comment_status":"open","ping_status":"closed","template":"","meta":[],"product_brand":[],"product_cat":[138],"product_tag":[],"class_list":{"0":"post-67791","1":"product","2":"type-product","3":"status-publish","4":"has-post-thumbnail","6":"product_cat-teto","9":"first","10":"instock","11":"shipping-taxable","12":"purchasable","13":"product-type-simple"},"_links":{"self":[{"href":"https:\/\/urboowhome.com\/index.php\/wp-json\/wp\/v2\/product\/67791","targetHints":{"allow":["GET"]}}],"collection":[{"href":"https:\/\/urboowhome.com\/index.php\/wp-json\/wp\/v2\/product"}],"about":[{"href":"https:\/\/urboowhome.com\/index.php\/wp-json\/wp\/v2\/types\/product"}],"replies":[{"embeddable":true,"href":"https:\/\/urboowhome.com\/index.php\/wp-json\/wp\/v2\/comments?post=67791"}],"wp:featuredmedia":[{"embeddable":true,"href":"https:\/\/urboowhome.com\/index.php\/wp-json\/wp\/v2\/media\/67790"}],"wp:attachment":[{"href":"https:\/\/urboowhome.com\/index.php\/wp-json\/wp\/v2\/media?parent=67791"}],"wp:term":[{"taxonomy":"product_brand","embeddable":true,"href":"https:\/\/urboowhome.com\/index.php\/wp-json\/wp\/v2\/product_brand?post=67791"},{"taxonomy":"product_cat","embeddable":true,"href":"https:\/\/urboowhome.com\/index.php\/wp-json\/wp\/v2\/product_cat?post=67791"},{"taxonomy":"product_tag","embeddable":true,"href":"https:\/\/urboowhome.com\/index.php\/wp-json\/wp\/v2\/product_tag?post=67791"}],"curies":[{"name":"wp","href":"https:\/\/api.w.org\/{rel}","templated":true}]}}