{"id":67807,"date":"2025-08-07T13:54:08","date_gmt":"2025-08-07T13:54:08","guid":{"rendered":"https:\/\/urboowfb.com\/index.php\/produto\/hotel-3\/"},"modified":"2026-03-23T17:27:34","modified_gmt":"2026-03-23T17:27:34","slug":"hotel-3","status":"publish","type":"product","link":"https:\/\/urboowhome.com\/index.php\/produto\/hotel-3\/","title":{"rendered":"Hotel"},"content":{"rendered":"","protected":false},"excerpt":{"rendered":"<p>Com abajures t\u00eaxteis criam um ambiente atmosf\u00e9rico e acolhedor. A luz \u00e9 emitida suavemente para o ambiente atrav\u00e9s do abajur em tecido, criando uma atmosfera acolhedora. Idealmente, o candeeiro de teto HOTEL encontra o seu lugar na sala de estar, pois \u00e9 a\u00ed que se destaca. A forma simples do candeeiro transmite um ambiente agrad\u00e1vel e \u00e9 considerado um cl\u00e1ssico da ilumina\u00e7\u00e3o decorativa. Devido \u00e0 combina\u00e7\u00e3o de bom gosto do tom cinzento com o n\u00edquel mate, o candeeiro cria um ambiente moderno. Para uma ilumina\u00e7\u00e3o economizadora de energia, recomenda-se a utiliza\u00e7\u00e3o de uma l\u00e2mpada LED. Estas s\u00e3o uma \u00f3ptima alternativa \u00e0s l\u00e2mpadas de halog\u00e9neo convencionais e representam uma elevada qualidade de luz e uma poupan\u00e7a de energia de at\u00e9 80%. Al\u00e9m disso, as l\u00e2mpadas LED ajudam-no a beneficiar de uma longa vida \u00fatil, de uma baixa produ\u00e7\u00e3o de calor e, ao mesmo tempo, protegem o ambiente.<\/p>\n","protected":false},"featured_media":67806,"comment_status":"open","ping_status":"closed","template":"","meta":[],"product_brand":[],"product_cat":[138],"product_tag":[],"class_list":{"0":"post-67807","1":"product","2":"type-product","3":"status-publish","4":"has-post-thumbnail","6":"product_cat-teto","9":"first","10":"instock","11":"shipping-taxable","12":"purchasable","13":"product-type-simple"},"_links":{"self":[{"href":"https:\/\/urboowhome.com\/index.php\/wp-json\/wp\/v2\/product\/67807","targetHints":{"allow":["GET"]}}],"collection":[{"href":"https:\/\/urboowhome.com\/index.php\/wp-json\/wp\/v2\/product"}],"about":[{"href":"https:\/\/urboowhome.com\/index.php\/wp-json\/wp\/v2\/types\/product"}],"replies":[{"embeddable":true,"href":"https:\/\/urboowhome.com\/index.php\/wp-json\/wp\/v2\/comments?post=67807"}],"wp:featuredmedia":[{"embeddable":true,"href":"https:\/\/urboowhome.com\/index.php\/wp-json\/wp\/v2\/media\/67806"}],"wp:attachment":[{"href":"https:\/\/urboowhome.com\/index.php\/wp-json\/wp\/v2\/media?parent=67807"}],"wp:term":[{"taxonomy":"product_brand","embeddable":true,"href":"https:\/\/urboowhome.com\/index.php\/wp-json\/wp\/v2\/product_brand?post=67807"},{"taxonomy":"product_cat","embeddable":true,"href":"https:\/\/urboowhome.com\/index.php\/wp-json\/wp\/v2\/product_cat?post=67807"},{"taxonomy":"product_tag","embeddable":true,"href":"https:\/\/urboowhome.com\/index.php\/wp-json\/wp\/v2\/product_tag?post=67807"}],"curies":[{"name":"wp","href":"https:\/\/api.w.org\/{rel}","templated":true}]}}