{"id":67821,"date":"2025-08-07T13:54:28","date_gmt":"2025-08-07T13:54:28","guid":{"rendered":"https:\/\/urboowfb.com\/index.php\/produto\/cookie-4\/"},"modified":"2026-03-23T17:27:35","modified_gmt":"2026-03-23T17:27:35","slug":"cookie-4","status":"publish","type":"product","link":"https:\/\/urboowhome.com\/index.php\/produto\/cookie-4\/","title":{"rendered":"Cookie"},"content":{"rendered":"","protected":false},"excerpt":{"rendered":"<p>O candeeiro de teto COOKIE impressiona pelo seu design simples e apar\u00eancia atraente. O design moderno e vertical da lumin\u00e1ria de chama \u00fanica \u00e9 particularmente adequado se pretender um destaque visual na divis\u00e3o. O casquilho girat\u00f3rio na lumin\u00e1ria permite-lhe ajustar de forma \u00f3ptima o feixe de luz. A pe\u00e7a met\u00e1lica \u00e9 preta mate. A utiliza\u00e7\u00e3o de fontes de luz LED \u00e9 recomendada para uma ilumina\u00e7\u00e3o economizadora de energia. Estas s\u00e3o uma alternativa ideal \u00e0s fontes de luz de halog\u00e9neo convencionais e oferecem uma elevada qualidade de luz e uma poupan\u00e7a de energia at\u00e9 80%. Com as fontes de luz LED, tamb\u00e9m beneficia de uma longa vida \u00fatil e de uma baixa produ\u00e7\u00e3o de calor, protegendo o ambiente.<\/p>\n","protected":false},"featured_media":67820,"comment_status":"open","ping_status":"closed","template":"","meta":[],"product_brand":[],"product_cat":[138],"product_tag":[],"class_list":{"0":"post-67821","1":"product","2":"type-product","3":"status-publish","4":"has-post-thumbnail","6":"product_cat-teto","9":"first","10":"instock","11":"shipping-taxable","12":"purchasable","13":"product-type-simple"},"_links":{"self":[{"href":"https:\/\/urboowhome.com\/index.php\/wp-json\/wp\/v2\/product\/67821","targetHints":{"allow":["GET"]}}],"collection":[{"href":"https:\/\/urboowhome.com\/index.php\/wp-json\/wp\/v2\/product"}],"about":[{"href":"https:\/\/urboowhome.com\/index.php\/wp-json\/wp\/v2\/types\/product"}],"replies":[{"embeddable":true,"href":"https:\/\/urboowhome.com\/index.php\/wp-json\/wp\/v2\/comments?post=67821"}],"wp:featuredmedia":[{"embeddable":true,"href":"https:\/\/urboowhome.com\/index.php\/wp-json\/wp\/v2\/media\/67820"}],"wp:attachment":[{"href":"https:\/\/urboowhome.com\/index.php\/wp-json\/wp\/v2\/media?parent=67821"}],"wp:term":[{"taxonomy":"product_brand","embeddable":true,"href":"https:\/\/urboowhome.com\/index.php\/wp-json\/wp\/v2\/product_brand?post=67821"},{"taxonomy":"product_cat","embeddable":true,"href":"https:\/\/urboowhome.com\/index.php\/wp-json\/wp\/v2\/product_cat?post=67821"},{"taxonomy":"product_tag","embeddable":true,"href":"https:\/\/urboowhome.com\/index.php\/wp-json\/wp\/v2\/product_tag?post=67821"}],"curies":[{"name":"wp","href":"https:\/\/api.w.org\/{rel}","templated":true}]}}