{"id":67825,"date":"2025-08-07T13:54:34","date_gmt":"2025-08-07T13:54:34","guid":{"rendered":"https:\/\/urboowfb.com\/index.php\/produto\/maxy\/"},"modified":"2026-03-23T17:27:35","modified_gmt":"2026-03-23T17:27:35","slug":"maxy","status":"publish","type":"product","link":"https:\/\/urboowhome.com\/index.php\/produto\/maxy\/","title":{"rendered":"Maxy"},"content":{"rendered":"","protected":false},"excerpt":{"rendered":"<p>Este candeeiro de teto moderno inspira com um design fant\u00e1stico. Num suporte de teto redondo em preto mate, encontra-se um casquilho E27 com um abajur de vidro cor de fumo (\u00d8 24 cm). O casquilho E27 permite-lhe determinar a sua pr\u00f3pria cor de luz e brilho at\u00e9 uma pot\u00eancia m\u00e1xima de 40 watts. Devido \u00e0 longevidade e \u00e0 poupan\u00e7a de energia, recomendamos as l\u00e2mpadas LED.<\/p>\n","protected":false},"featured_media":67824,"comment_status":"open","ping_status":"closed","template":"","meta":[],"product_brand":[],"product_cat":[138],"product_tag":[],"class_list":{"0":"post-67825","1":"product","2":"type-product","3":"status-publish","4":"has-post-thumbnail","6":"product_cat-teto","9":"first","10":"instock","11":"shipping-taxable","12":"purchasable","13":"product-type-simple"},"_links":{"self":[{"href":"https:\/\/urboowhome.com\/index.php\/wp-json\/wp\/v2\/product\/67825","targetHints":{"allow":["GET"]}}],"collection":[{"href":"https:\/\/urboowhome.com\/index.php\/wp-json\/wp\/v2\/product"}],"about":[{"href":"https:\/\/urboowhome.com\/index.php\/wp-json\/wp\/v2\/types\/product"}],"replies":[{"embeddable":true,"href":"https:\/\/urboowhome.com\/index.php\/wp-json\/wp\/v2\/comments?post=67825"}],"wp:featuredmedia":[{"embeddable":true,"href":"https:\/\/urboowhome.com\/index.php\/wp-json\/wp\/v2\/media\/67824"}],"wp:attachment":[{"href":"https:\/\/urboowhome.com\/index.php\/wp-json\/wp\/v2\/media?parent=67825"}],"wp:term":[{"taxonomy":"product_brand","embeddable":true,"href":"https:\/\/urboowhome.com\/index.php\/wp-json\/wp\/v2\/product_brand?post=67825"},{"taxonomy":"product_cat","embeddable":true,"href":"https:\/\/urboowhome.com\/index.php\/wp-json\/wp\/v2\/product_cat?post=67825"},{"taxonomy":"product_tag","embeddable":true,"href":"https:\/\/urboowhome.com\/index.php\/wp-json\/wp\/v2\/product_tag?post=67825"}],"curies":[{"name":"wp","href":"https:\/\/api.w.org\/{rel}","templated":true}]}}