{"id":67845,"date":"2025-08-07T13:55:06","date_gmt":"2025-08-07T13:55:06","guid":{"rendered":"https:\/\/urboowfb.com\/index.php\/produto\/shaun\/"},"modified":"2026-03-23T17:27:35","modified_gmt":"2026-03-23T17:27:35","slug":"shaun","status":"publish","type":"product","link":"https:\/\/urboowhome.com\/index.php\/produto\/shaun\/","title":{"rendered":"Shaun"},"content":{"rendered":"","protected":false},"excerpt":{"rendered":"<p>Este bonito candeeiro de teto inspira com um design fant\u00e1stico. Num acess\u00f3rio de teto preto redondo (\u00d818cm) encontra-se um casquilho E27, equipado com um abajur oval em vidro fumado. O casquilho E27 permite-lhe escolher livremente, at\u00e9 uma pot\u00eancia m\u00e1xima de 40 watts, a cor e o brilho da luz.<\/p>\n","protected":false},"featured_media":67844,"comment_status":"open","ping_status":"closed","template":"","meta":[],"product_brand":[],"product_cat":[138],"product_tag":[],"class_list":{"0":"post-67845","1":"product","2":"type-product","3":"status-publish","4":"has-post-thumbnail","6":"product_cat-teto","9":"first","10":"instock","11":"shipping-taxable","12":"purchasable","13":"product-type-simple"},"_links":{"self":[{"href":"https:\/\/urboowhome.com\/index.php\/wp-json\/wp\/v2\/product\/67845","targetHints":{"allow":["GET"]}}],"collection":[{"href":"https:\/\/urboowhome.com\/index.php\/wp-json\/wp\/v2\/product"}],"about":[{"href":"https:\/\/urboowhome.com\/index.php\/wp-json\/wp\/v2\/types\/product"}],"replies":[{"embeddable":true,"href":"https:\/\/urboowhome.com\/index.php\/wp-json\/wp\/v2\/comments?post=67845"}],"wp:featuredmedia":[{"embeddable":true,"href":"https:\/\/urboowhome.com\/index.php\/wp-json\/wp\/v2\/media\/67844"}],"wp:attachment":[{"href":"https:\/\/urboowhome.com\/index.php\/wp-json\/wp\/v2\/media?parent=67845"}],"wp:term":[{"taxonomy":"product_brand","embeddable":true,"href":"https:\/\/urboowhome.com\/index.php\/wp-json\/wp\/v2\/product_brand?post=67845"},{"taxonomy":"product_cat","embeddable":true,"href":"https:\/\/urboowhome.com\/index.php\/wp-json\/wp\/v2\/product_cat?post=67845"},{"taxonomy":"product_tag","embeddable":true,"href":"https:\/\/urboowhome.com\/index.php\/wp-json\/wp\/v2\/product_tag?post=67845"}],"curies":[{"name":"wp","href":"https:\/\/api.w.org\/{rel}","templated":true}]}}