{"id":67881,"date":"2025-08-07T13:56:03","date_gmt":"2025-08-07T13:56:03","guid":{"rendered":"https:\/\/urboowfb.com\/index.php\/produto\/otis-60\/"},"modified":"2026-03-23T17:27:35","modified_gmt":"2026-03-23T17:27:35","slug":"otis-60","status":"publish","type":"product","link":"https:\/\/urboowhome.com\/index.php\/produto\/otis-60\/","title":{"rendered":"Otis 60"},"content":{"rendered":"","protected":false},"excerpt":{"rendered":"<p>Otis \u00e9 um candeeiro de parede elegante que \u00e9 perfeito para a utiliza\u00e7\u00e3o na casa de banho devido ao seu elevado grau de prote\u00e7\u00e3o, IP44. Otis est\u00e1 equipado com um 2 step-Moodmaker\u2122 e pode ser instalado tanto na vertical como na horizontal &#8211; tornando-o perfeito para os seus desejos pessoais de luz.<\/p>\n<p>O Moodmaker\u2122 de 2 passos permite-lhe, com um clique no interrutor de parede standard, criar luz natural com uma luminosidade de 100%. Ao clicar noutro momento, permite uma luz nocturna confort\u00e1vel que n\u00e3o o acorda completamente quando vai \u00e0 casa de banho durante a noite. Otis \u00e9 um candeeiro muito pr\u00e1tico, uma vez que possui um refletor rotativo e uma profundidade ajust\u00e1vel, mas tamb\u00e9m uma fun\u00e7\u00e3o de mem\u00f3ria e de reposi\u00e7\u00e3o que se lembrar\u00e1 da sua prefer\u00eancia depois de ter desligado\/ligado a luz cinco vezes. Al\u00e9m disso, est\u00e1 inclu\u00eddo um suporte de arm\u00e1rio que facilita a montagem de Otis num arm\u00e1rio.<\/p>\n","protected":false},"featured_media":67880,"comment_status":"open","ping_status":"closed","template":"","meta":[],"product_brand":[],"product_cat":[137,138],"product_tag":[],"class_list":{"0":"post-67881","1":"product","2":"type-product","3":"status-publish","4":"has-post-thumbnail","6":"product_cat-casa-de-banho","7":"product_cat-teto","10":"first","11":"instock","12":"featured","13":"shipping-taxable","14":"purchasable","15":"product-type-simple"},"_links":{"self":[{"href":"https:\/\/urboowhome.com\/index.php\/wp-json\/wp\/v2\/product\/67881","targetHints":{"allow":["GET"]}}],"collection":[{"href":"https:\/\/urboowhome.com\/index.php\/wp-json\/wp\/v2\/product"}],"about":[{"href":"https:\/\/urboowhome.com\/index.php\/wp-json\/wp\/v2\/types\/product"}],"replies":[{"embeddable":true,"href":"https:\/\/urboowhome.com\/index.php\/wp-json\/wp\/v2\/comments?post=67881"}],"wp:featuredmedia":[{"embeddable":true,"href":"https:\/\/urboowhome.com\/index.php\/wp-json\/wp\/v2\/media\/67880"}],"wp:attachment":[{"href":"https:\/\/urboowhome.com\/index.php\/wp-json\/wp\/v2\/media?parent=67881"}],"wp:term":[{"taxonomy":"product_brand","embeddable":true,"href":"https:\/\/urboowhome.com\/index.php\/wp-json\/wp\/v2\/product_brand?post=67881"},{"taxonomy":"product_cat","embeddable":true,"href":"https:\/\/urboowhome.com\/index.php\/wp-json\/wp\/v2\/product_cat?post=67881"},{"taxonomy":"product_tag","embeddable":true,"href":"https:\/\/urboowhome.com\/index.php\/wp-json\/wp\/v2\/product_tag?post=67881"}],"curies":[{"name":"wp","href":"https:\/\/api.w.org\/{rel}","templated":true}]}}