{"id":67898,"date":"2025-08-07T13:56:31","date_gmt":"2025-08-07T13:56:31","guid":{"rendered":"https:\/\/urboowfb.com\/index.php\/produto\/oja-42-4\/"},"modified":"2026-03-23T17:27:35","modified_gmt":"2026-03-23T17:27:35","slug":"oja-42-4","status":"publish","type":"product","link":"https:\/\/urboowhome.com\/index.php\/produto\/oja-42-4\/","title":{"rendered":"Oja 42"},"content":{"rendered":"","protected":false},"excerpt":{"rendered":"<p>Oja \u00e9 um candeeiro de teto ultrafino com um design moderno e minimalista que est\u00e1 integrado com o Moodmaker\u2122 SceneSelect de 3 passos. O candeeiro de teto emite uma luz bonita e funcional, e at\u00e9 tem um elevado grau de prote\u00e7\u00e3o, IP54, o que torna o candeeiro adequado para \u00e1reas h\u00famidas &#8211; por exemplo, na casa de banho ou na cave.<\/p>\n<p>A fun\u00e7\u00e3o Moodmaker\u2122 permite-lhe alternar entre 100% de luz a 4000K ou 3000K e uma luz nocturna a 20% 3000k a partir do seu interrutor de parede. Outra carater\u00edstica incorporada no Oja \u00e9 a fun\u00e7\u00e3o de mem\u00f3ria e reposi\u00e7\u00e3o que facilita a memoriza\u00e7\u00e3o e a sele\u00e7\u00e3o da sua defini\u00e7\u00e3o de luz preferida em termos de cor e luminosidade. O Oja \u00e9 fornecido com um anel branco e cromado, para que possa dar o toque final ao candeeiro de teto.<\/p>\n","protected":false},"featured_media":67897,"comment_status":"open","ping_status":"closed","template":"","meta":[],"product_brand":[],"product_cat":[137,138],"product_tag":[236],"class_list":{"0":"post-67898","1":"product","2":"type-product","3":"status-publish","4":"has-post-thumbnail","6":"product_cat-casa-de-banho","7":"product_cat-teto","8":"product_tag-oja","11":"first","12":"instock","13":"shipping-taxable","14":"purchasable","15":"product-type-simple"},"_links":{"self":[{"href":"https:\/\/urboowhome.com\/index.php\/wp-json\/wp\/v2\/product\/67898","targetHints":{"allow":["GET"]}}],"collection":[{"href":"https:\/\/urboowhome.com\/index.php\/wp-json\/wp\/v2\/product"}],"about":[{"href":"https:\/\/urboowhome.com\/index.php\/wp-json\/wp\/v2\/types\/product"}],"replies":[{"embeddable":true,"href":"https:\/\/urboowhome.com\/index.php\/wp-json\/wp\/v2\/comments?post=67898"}],"wp:featuredmedia":[{"embeddable":true,"href":"https:\/\/urboowhome.com\/index.php\/wp-json\/wp\/v2\/media\/67897"}],"wp:attachment":[{"href":"https:\/\/urboowhome.com\/index.php\/wp-json\/wp\/v2\/media?parent=67898"}],"wp:term":[{"taxonomy":"product_brand","embeddable":true,"href":"https:\/\/urboowhome.com\/index.php\/wp-json\/wp\/v2\/product_brand?post=67898"},{"taxonomy":"product_cat","embeddable":true,"href":"https:\/\/urboowhome.com\/index.php\/wp-json\/wp\/v2\/product_cat?post=67898"},{"taxonomy":"product_tag","embeddable":true,"href":"https:\/\/urboowhome.com\/index.php\/wp-json\/wp\/v2\/product_tag?post=67898"}],"curies":[{"name":"wp","href":"https:\/\/api.w.org\/{rel}","templated":true}]}}