{"id":67924,"date":"2025-08-07T13:57:12","date_gmt":"2025-08-07T13:57:12","guid":{"rendered":"https:\/\/urboowfb.com\/index.php\/produto\/helva-double-3\/"},"modified":"2026-03-23T17:27:35","modified_gmt":"2026-03-23T17:27:35","slug":"helva-double-3","status":"publish","type":"product","link":"https:\/\/urboowhome.com\/index.php\/produto\/helva-double-3\/","title":{"rendered":"Helva Double"},"content":{"rendered":"","protected":false},"excerpt":{"rendered":"<p>O Helva Double \u00e9 um candeeiro de parede moderno e minimalista com LED integrado e funcionalidade Moodmaker\u2122 de 2 passos que lhe permite regular a intensidade da luz e a temperatura da cor, de fria a quente, com um simples toque no interrutor de regula\u00e7\u00e3o da intensidade da luz. Um toque curto muda a luz de fria para quente, enquanto um toque longo diminui a luz de acordo com as suas necessidades espec\u00edficas. A fun\u00e7\u00e3o de mem\u00f3ria incorporada recorda a \u00faltima regula\u00e7\u00e3o da luz.<\/p>\n<p>Helva Double pode ser montado verticalmente ou horizontalmente na parede ou num arm\u00e1rio utilizando o suporte de cabina inclu\u00eddo. O elevado grau de IP (IP44) torna-o adequado para \u00e1reas h\u00famidas, como a casa de banho.<\/p>\n","protected":false},"featured_media":67923,"comment_status":"open","ping_status":"closed","template":"","meta":[],"product_brand":[],"product_cat":[137],"product_tag":[],"class_list":{"0":"post-67924","1":"product","2":"type-product","3":"status-publish","4":"has-post-thumbnail","6":"product_cat-casa-de-banho","9":"first","10":"instock","11":"featured","12":"shipping-taxable","13":"purchasable","14":"product-type-simple"},"_links":{"self":[{"href":"https:\/\/urboowhome.com\/index.php\/wp-json\/wp\/v2\/product\/67924","targetHints":{"allow":["GET"]}}],"collection":[{"href":"https:\/\/urboowhome.com\/index.php\/wp-json\/wp\/v2\/product"}],"about":[{"href":"https:\/\/urboowhome.com\/index.php\/wp-json\/wp\/v2\/types\/product"}],"replies":[{"embeddable":true,"href":"https:\/\/urboowhome.com\/index.php\/wp-json\/wp\/v2\/comments?post=67924"}],"wp:featuredmedia":[{"embeddable":true,"href":"https:\/\/urboowhome.com\/index.php\/wp-json\/wp\/v2\/media\/67923"}],"wp:attachment":[{"href":"https:\/\/urboowhome.com\/index.php\/wp-json\/wp\/v2\/media?parent=67924"}],"wp:term":[{"taxonomy":"product_brand","embeddable":true,"href":"https:\/\/urboowhome.com\/index.php\/wp-json\/wp\/v2\/product_brand?post=67924"},{"taxonomy":"product_cat","embeddable":true,"href":"https:\/\/urboowhome.com\/index.php\/wp-json\/wp\/v2\/product_cat?post=67924"},{"taxonomy":"product_tag","embeddable":true,"href":"https:\/\/urboowhome.com\/index.php\/wp-json\/wp\/v2\/product_tag?post=67924"}],"curies":[{"name":"wp","href":"https:\/\/api.w.org\/{rel}","templated":true}]}}