{"id":67940,"date":"2025-08-07T13:57:34","date_gmt":"2025-08-07T13:57:34","guid":{"rendered":"https:\/\/urboowfb.com\/index.php\/produto\/volga-600\/"},"modified":"2026-03-23T17:27:35","modified_gmt":"2026-03-23T17:27:35","slug":"volga-600","status":"publish","type":"product","link":"https:\/\/urboowhome.com\/index.php\/produto\/volga-600\/","title":{"rendered":"Volga 600"},"content":{"rendered":"","protected":false},"excerpt":{"rendered":"<p>VOLGA 600 \u00e9 um candeeiro de parede cromado com tecnologia LED, fabricado em alum\u00ednio. Gra\u00e7as \u00e0 sua classifica\u00e7\u00e3o IP44, \u00e9 ideal para a ilumina\u00e7\u00e3o de casas de banho.<\/p>\n","protected":false},"featured_media":67939,"comment_status":"open","ping_status":"closed","template":"","meta":[],"product_brand":[],"product_cat":[137],"product_tag":[],"class_list":{"0":"post-67940","1":"product","2":"type-product","3":"status-publish","4":"has-post-thumbnail","6":"product_cat-casa-de-banho","9":"first","10":"instock","11":"featured","12":"shipping-taxable","13":"purchasable","14":"product-type-simple"},"_links":{"self":[{"href":"https:\/\/urboowhome.com\/index.php\/wp-json\/wp\/v2\/product\/67940","targetHints":{"allow":["GET"]}}],"collection":[{"href":"https:\/\/urboowhome.com\/index.php\/wp-json\/wp\/v2\/product"}],"about":[{"href":"https:\/\/urboowhome.com\/index.php\/wp-json\/wp\/v2\/types\/product"}],"replies":[{"embeddable":true,"href":"https:\/\/urboowhome.com\/index.php\/wp-json\/wp\/v2\/comments?post=67940"}],"wp:featuredmedia":[{"embeddable":true,"href":"https:\/\/urboowhome.com\/index.php\/wp-json\/wp\/v2\/media\/67939"}],"wp:attachment":[{"href":"https:\/\/urboowhome.com\/index.php\/wp-json\/wp\/v2\/media?parent=67940"}],"wp:term":[{"taxonomy":"product_brand","embeddable":true,"href":"https:\/\/urboowhome.com\/index.php\/wp-json\/wp\/v2\/product_brand?post=67940"},{"taxonomy":"product_cat","embeddable":true,"href":"https:\/\/urboowhome.com\/index.php\/wp-json\/wp\/v2\/product_cat?post=67940"},{"taxonomy":"product_tag","embeddable":true,"href":"https:\/\/urboowhome.com\/index.php\/wp-json\/wp\/v2\/product_tag?post=67940"}],"curies":[{"name":"wp","href":"https:\/\/api.w.org\/{rel}","templated":true}]}}