{"id":67944,"date":"2025-08-07T13:57:38","date_gmt":"2025-08-07T13:57:38","guid":{"rendered":"https:\/\/urboowfb.com\/index.php\/produto\/bianca\/"},"modified":"2026-03-23T17:27:35","modified_gmt":"2026-03-23T17:27:35","slug":"bianca","status":"publish","type":"product","link":"https:\/\/urboowhome.com\/index.php\/produto\/bianca\/","title":{"rendered":"Bianca"},"content":{"rendered":"","protected":false},"excerpt":{"rendered":"<p>BIANCA \u00e9 um candeeiro de parede para ilumina\u00e7\u00e3o interior concebido por Alex&amp;Manel Llusc\u00e0. O seu design \u00e9 cl\u00e1ssico e elegante e combina bem com qualquer estilo. Gra\u00e7as \u00e0 sua classifica\u00e7\u00e3o IP44, \u00e9 ideal para a ilumina\u00e7\u00e3o da casa de banho, por exemplo, junto ao espelho.<\/p>\n","protected":false},"featured_media":67943,"comment_status":"open","ping_status":"closed","template":"","meta":[],"product_brand":[],"product_cat":[137],"product_tag":[],"class_list":{"0":"post-67944","1":"product","2":"type-product","3":"status-publish","4":"has-post-thumbnail","6":"product_cat-casa-de-banho","9":"first","10":"instock","11":"featured","12":"shipping-taxable","13":"purchasable","14":"product-type-simple"},"_links":{"self":[{"href":"https:\/\/urboowhome.com\/index.php\/wp-json\/wp\/v2\/product\/67944","targetHints":{"allow":["GET"]}}],"collection":[{"href":"https:\/\/urboowhome.com\/index.php\/wp-json\/wp\/v2\/product"}],"about":[{"href":"https:\/\/urboowhome.com\/index.php\/wp-json\/wp\/v2\/types\/product"}],"replies":[{"embeddable":true,"href":"https:\/\/urboowhome.com\/index.php\/wp-json\/wp\/v2\/comments?post=67944"}],"wp:featuredmedia":[{"embeddable":true,"href":"https:\/\/urboowhome.com\/index.php\/wp-json\/wp\/v2\/media\/67943"}],"wp:attachment":[{"href":"https:\/\/urboowhome.com\/index.php\/wp-json\/wp\/v2\/media?parent=67944"}],"wp:term":[{"taxonomy":"product_brand","embeddable":true,"href":"https:\/\/urboowhome.com\/index.php\/wp-json\/wp\/v2\/product_brand?post=67944"},{"taxonomy":"product_cat","embeddable":true,"href":"https:\/\/urboowhome.com\/index.php\/wp-json\/wp\/v2\/product_cat?post=67944"},{"taxonomy":"product_tag","embeddable":true,"href":"https:\/\/urboowhome.com\/index.php\/wp-json\/wp\/v2\/product_tag?post=67944"}],"curies":[{"name":"wp","href":"https:\/\/api.w.org\/{rel}","templated":true}]}}