{"id":67964,"date":"2025-08-07T13:58:04","date_gmt":"2025-08-07T13:58:04","guid":{"rendered":"https:\/\/urboowfb.com\/index.php\/produto\/danubio-285-2\/"},"modified":"2026-03-23T17:27:36","modified_gmt":"2026-03-23T17:27:36","slug":"danubio-285-2","status":"publish","type":"product","link":"https:\/\/urboowhome.com\/index.php\/produto\/danubio-285-2\/","title":{"rendered":"Danubio 285"},"content":{"rendered":"","protected":false},"excerpt":{"rendered":"<p>DANUBIO 285 \u00e9 um aplique para a ilumina\u00e7\u00e3o da casa de banho. \u00c9 feito de metal e possui tecnologia LED.<\/p>\n","protected":false},"featured_media":67963,"comment_status":"open","ping_status":"closed","template":"","meta":[],"product_brand":[],"product_cat":[137],"product_tag":[],"class_list":{"0":"post-67964","1":"product","2":"type-product","3":"status-publish","4":"has-post-thumbnail","6":"product_cat-casa-de-banho","9":"first","10":"instock","11":"featured","12":"shipping-taxable","13":"purchasable","14":"product-type-simple"},"_links":{"self":[{"href":"https:\/\/urboowhome.com\/index.php\/wp-json\/wp\/v2\/product\/67964","targetHints":{"allow":["GET"]}}],"collection":[{"href":"https:\/\/urboowhome.com\/index.php\/wp-json\/wp\/v2\/product"}],"about":[{"href":"https:\/\/urboowhome.com\/index.php\/wp-json\/wp\/v2\/types\/product"}],"replies":[{"embeddable":true,"href":"https:\/\/urboowhome.com\/index.php\/wp-json\/wp\/v2\/comments?post=67964"}],"wp:featuredmedia":[{"embeddable":true,"href":"https:\/\/urboowhome.com\/index.php\/wp-json\/wp\/v2\/media\/67963"}],"wp:attachment":[{"href":"https:\/\/urboowhome.com\/index.php\/wp-json\/wp\/v2\/media?parent=67964"}],"wp:term":[{"taxonomy":"product_brand","embeddable":true,"href":"https:\/\/urboowhome.com\/index.php\/wp-json\/wp\/v2\/product_brand?post=67964"},{"taxonomy":"product_cat","embeddable":true,"href":"https:\/\/urboowhome.com\/index.php\/wp-json\/wp\/v2\/product_cat?post=67964"},{"taxonomy":"product_tag","embeddable":true,"href":"https:\/\/urboowhome.com\/index.php\/wp-json\/wp\/v2\/product_tag?post=67964"}],"curies":[{"name":"wp","href":"https:\/\/api.w.org\/{rel}","templated":true}]}}