{"id":67968,"date":"2025-08-07T13:58:10","date_gmt":"2025-08-07T13:58:10","guid":{"rendered":"https:\/\/urboowfb.com\/index.php\/produto\/nara\/"},"modified":"2026-03-23T17:27:36","modified_gmt":"2026-03-23T17:27:36","slug":"nara","status":"publish","type":"product","link":"https:\/\/urboowhome.com\/index.php\/produto\/nara\/","title":{"rendered":"Nara"},"content":{"rendered":"","protected":false},"excerpt":{"rendered":"<p>Gra\u00e7as ao seu design intemporal e \u00e0s suas carater\u00edsticas inovadoras, a Nara \u00e9 suspensa ideal para ser montada ao lado de espelhos em casas de banho de hotelaria ou no centro de casas de banho residenciais maiores. Possui materiais de alta qualidade e dur\u00e1veis e um design autonivelante, tornando-a ideal para instala\u00e7\u00e3o em tectos irregulares.<\/p>\n","protected":false},"featured_media":67967,"comment_status":"open","ping_status":"closed","template":"","meta":[],"product_brand":[],"product_cat":[137],"product_tag":[],"class_list":{"0":"post-67968","1":"product","2":"type-product","3":"status-publish","4":"has-post-thumbnail","6":"product_cat-casa-de-banho","9":"first","10":"instock","11":"featured","12":"shipping-taxable","13":"purchasable","14":"product-type-simple"},"_links":{"self":[{"href":"https:\/\/urboowhome.com\/index.php\/wp-json\/wp\/v2\/product\/67968","targetHints":{"allow":["GET"]}}],"collection":[{"href":"https:\/\/urboowhome.com\/index.php\/wp-json\/wp\/v2\/product"}],"about":[{"href":"https:\/\/urboowhome.com\/index.php\/wp-json\/wp\/v2\/types\/product"}],"replies":[{"embeddable":true,"href":"https:\/\/urboowhome.com\/index.php\/wp-json\/wp\/v2\/comments?post=67968"}],"wp:featuredmedia":[{"embeddable":true,"href":"https:\/\/urboowhome.com\/index.php\/wp-json\/wp\/v2\/media\/67967"}],"wp:attachment":[{"href":"https:\/\/urboowhome.com\/index.php\/wp-json\/wp\/v2\/media?parent=67968"}],"wp:term":[{"taxonomy":"product_brand","embeddable":true,"href":"https:\/\/urboowhome.com\/index.php\/wp-json\/wp\/v2\/product_brand?post=67968"},{"taxonomy":"product_cat","embeddable":true,"href":"https:\/\/urboowhome.com\/index.php\/wp-json\/wp\/v2\/product_cat?post=67968"},{"taxonomy":"product_tag","embeddable":true,"href":"https:\/\/urboowhome.com\/index.php\/wp-json\/wp\/v2\/product_tag?post=67968"}],"curies":[{"name":"wp","href":"https:\/\/api.w.org\/{rel}","templated":true}]}}