{"id":67976,"date":"2025-08-07T13:58:22","date_gmt":"2025-08-07T13:58:22","guid":{"rendered":"https:\/\/urboowfb.com\/index.php\/produto\/cabaret-5-ii\/"},"modified":"2026-03-23T17:27:36","modified_gmt":"2026-03-23T17:27:36","slug":"cabaret-5-ii","status":"publish","type":"product","link":"https:\/\/urboowhome.com\/index.php\/produto\/cabaret-5-ii\/","title":{"rendered":"Cabaret 5 II"},"content":{"rendered":"","protected":false},"excerpt":{"rendered":"<p>Uma vers\u00e3o contempor\u00e2nea do cl\u00e1ssico espelho de Hollywood, este aplique de parede apresenta um corpo esguio em a\u00e7o preto mate e cinco globos de vidro soprado para uma ilumina\u00e7\u00e3o brilhante e uniforme. Destinado a casas de banho ou vesti\u00e1rios, pode ser posicionado horizontal ou verticalmente \u00e0 volta de um espelho e vem sem interruptor para funcionar perfeitamente com esquemas de ilumina\u00e7\u00e3o integrados.<\/p>\n","protected":false},"featured_media":67975,"comment_status":"open","ping_status":"closed","template":"","meta":[],"product_brand":[],"product_cat":[137],"product_tag":[],"class_list":{"0":"post-67976","1":"product","2":"type-product","3":"status-publish","4":"has-post-thumbnail","6":"product_cat-casa-de-banho","9":"first","10":"instock","11":"featured","12":"shipping-taxable","13":"purchasable","14":"product-type-simple"},"_links":{"self":[{"href":"https:\/\/urboowhome.com\/index.php\/wp-json\/wp\/v2\/product\/67976","targetHints":{"allow":["GET"]}}],"collection":[{"href":"https:\/\/urboowhome.com\/index.php\/wp-json\/wp\/v2\/product"}],"about":[{"href":"https:\/\/urboowhome.com\/index.php\/wp-json\/wp\/v2\/types\/product"}],"replies":[{"embeddable":true,"href":"https:\/\/urboowhome.com\/index.php\/wp-json\/wp\/v2\/comments?post=67976"}],"wp:featuredmedia":[{"embeddable":true,"href":"https:\/\/urboowhome.com\/index.php\/wp-json\/wp\/v2\/media\/67975"}],"wp:attachment":[{"href":"https:\/\/urboowhome.com\/index.php\/wp-json\/wp\/v2\/media?parent=67976"}],"wp:term":[{"taxonomy":"product_brand","embeddable":true,"href":"https:\/\/urboowhome.com\/index.php\/wp-json\/wp\/v2\/product_brand?post=67976"},{"taxonomy":"product_cat","embeddable":true,"href":"https:\/\/urboowhome.com\/index.php\/wp-json\/wp\/v2\/product_cat?post=67976"},{"taxonomy":"product_tag","embeddable":true,"href":"https:\/\/urboowhome.com\/index.php\/wp-json\/wp\/v2\/product_tag?post=67976"}],"curies":[{"name":"wp","href":"https:\/\/api.w.org\/{rel}","templated":true}]}}